
{"id":62,"date":"2009-10-26T03:38:18","date_gmt":"2009-10-26T01:38:18","guid":{"rendered":"http:\/\/cikeyweb.com\/word\/?page_id=62"},"modified":"2010-07-08T01:07:09","modified_gmt":"2010-07-07T23:07:09","slug":"s02","status":"publish","type":"page","link":"https:\/\/cikeyweb.com\/?page_id=62","title":{"rendered":"02"},"content":{"rendered":"\n\t\t\t\t<div class=\"mr_social_sharing_wrapper\">\n\t\t\t\t<!-- Social Sharing Toolkit v2.2 --><span class=\"mr_social_sharing\"><fb:share-button type=\"button\" href=\"https:\/\/cikeyweb.com\/?page_id=62\"><\/fb:share-button><\/span><span class=\"mr_social_sharing\"><a href=\"https:\/\/twitter.com\/share\" class=\"twitter-share-button\" data-count=\"none\" data-url=\"https:\/\/cikeyweb.com\/?page_id=62\" data-via=\"Cikey_\" data-text=\"02\"><\/a><\/span><span class=\"mr_social_sharing\"><div class=\"g-plusone\" data-size=\"medium\" data-annotation=\"none\" data-href=\"https:\/\/cikeyweb.com\/?page_id=62\"><\/div><\/span><span class=\"mr_social_sharing\"><a rel=\"nofollow\" class=\"linksalpha_button linksalpha_link\" href=\"\/\/www.linksalpha.com\/social\/mobile\" data-url=\"https:\/\/cikeyweb.com\/?page_id=62\" data-text=\"02\" data-desc=\"Pokerbordguide - Side 2 N\u00e5 har du alts\u00e5 to ovale plater som er identiske. S\u00f8rg for at merkingen er god p\u00e5 begge to f\u00f8r du skiller dem. Det er viktig at vi har grunnpunktet (24\u2033 fra tre ender p\u00e5 hver side) p\u00e5 begge platene til senere m\u00e5l. Dersom du ikke treffer det samme punktet hver gang\" data-image=\"http:\/\/cikeyweb.com\/img\/s2_railstrek.jpg\" data-button>\n\t\t\t\t\t<img decoding=\"async\" src=\"\/\/www.linksalpha.com\/images\/social_share_button.png\" alt=\"Share\" class=\"linksalpha_image\">\n\t\t\t\t\t<\/a><script type=\"text\/javascript\" src=\"\/\/www.linksalpha.com\/scripts\/loader_iconbox.js?v=2.4\"><\/script><\/span><\/div><h2>Pokerbordguide \u2014 Side&nbsp;2<\/h2>\n<div>\n<div>\n<p><span>N\u00e5 har du alt\u00ads\u00e5 to ovale plater som er iden\u00adtiske. S\u00f8rg for at merkin\u00adgen er god p\u00e5 begge to f\u00f8r du skiller dem. Det er vik\u00adtig at vi har grun\u00adnpunk\u00adtet <em>(24\u2033 fra tre ender p\u00e5 hver side)<\/em> p\u00e5 begge platene til senere m\u00e5l. Der\u00adsom du ikke tre\u00adf\u00adfer det samme punk\u00adtet hver gang vil ikke bitene passe sammen.<\/span><\/p>\n<p><span>Neste punkt er \u00e5 velge ut den beste av de to platene. Det er ikke mye av plat\u00aden som er syn\u00adlig n\u00e5r du er fer\u00addig, men det er vik\u00adtig at den delen som fak\u00adtisk er det ser skikke\u00adlig ut (minst mulig kvist etc). Det som blir syn\u00adlig er race\u00adtrack\u00aden <em>(vi kom\u00admer tilbake til dette senere)<\/em> s\u00e5 det du m\u00e5 se p\u00e5 er de ytter\u00adste 11 tommene <em>(eller strengt tatt fra ca 5 til ca 11 tom\u00admer inn p\u00e5 plat\u00aden)<\/em>. Vi kaller den fineste plat\u00aden for A og den ikke fullt s\u00e5 fine for&nbsp;B<\/span><\/p>\n<p><strong>Rail \u2013 B\u2011platen<\/strong><\/p>\n<p><a rel=\"lightbox\" href=\"http:\/\/cikeyweb.com\/img\/s2_railstrek_stor.jpg\"><span><img decoding=\"async\" class=\"alignleft\" style=\"margin-left: 5px; margin-right: 5px;\" title=\"M\u00e5l opp racetrack p\u00e5 20&quot;\" src=\"http:\/\/cikeyweb.com\/img\/s2_railstrek.jpg\" alt=\"platene er kommet\"><\/span><\/a>Vi beg\u00adyn\u00adner med B plat\u00aden <em>(alt\u00ads\u00e5 den ikke fullt s\u00e5 fine)<\/em> og n\u00e5 skal vi lage railen. Jeg val\u00adgte \u00e5 lage en 4\u2033 rail, s\u00e5 da m\u00e5 vi  lage et nytt hull p\u00e5 m\u00e5lepin\u00adnen. 24\u2033 <em>(som er buen n\u00e5)<\/em> minus 4\u2033 <em>(som skal bli railen)<\/em> blir 20\u2033. M\u00e5l deg frem fra grunnlin\u00adjen og lag hul\u00adlet 2\u2033 inn fra samme side som tidligere. S\u00e5 lager du en ny bue p\u00e5 begge sider av B\u2011platen. Bruk en ret\u00adtholdt eller tilsvarende for \u00e5 for\u00adlenge streken mel\u00adlom de to buene. Du har n\u00e5 en fin strek \u00e5 sage etter. Borr et hull p\u00e5 <em>innsi\u00add\u00aden<\/em> av streken og sag&nbsp;ut.<\/p>\n<p><br class=\"spacer_\"><\/p>\n<p><span><a rel=\"lightbox\" href=\"http:\/\/cikeyweb.com\/img\/s2_rail_kappet_stor.jpg\"><img decoding=\"async\" class=\"alignleft\" style=\"margin-left: 5px; margin-right: 5px;\" src=\"http:\/\/cikeyweb.com\/img\/s2_rail_kappet.jpg\" alt=\"medhjelper og arbeidsbenk\"><\/a>N\u00e5r du er fer\u00addig b\u00f8r det se ut omtrent som dette. Den inner\u00adste delen blir senere brukt som under\u00adlag for poker\u00adbor\u00addet v\u00e5rt, men vi trenger den ikke p\u00e5 en stund enda, s\u00e5 vi leg\u00adger den til siden p\u00e5 et t\u00f8rt og noen\u00adlunde varmt sted. Disse to delene kaller vi n\u00e5 for indre- og ytre B<\/span>.<\/p>\n<p><br class=\"spacer_\"><\/p>\n<p><br class=\"spacer_\"><\/p>\n<p><br class=\"spacer_\"><\/p>\n<p><br class=\"spacer_\"><\/p>\n<p><a rel=\"lightbox\" href=\"http:\/\/cikeyweb.com\/img\/s2_rail_kant_strek_stor.jpg\"><img decoding=\"async\" class=\"alignleft\" style=\"margin: 5px;\" src=\"http:\/\/cikeyweb.com\/img\/s2_rail_kant_strek.jpg\" alt=\"klikk for st\u00f8rre bilde\"><\/a>For at railen skal ligge skikke\u00adlig p\u00e5 plass skal vi lage en liten kant  ytterst p\u00e5 den. Denne kan\u00adten skal vi hente fra A plat\u00aden v\u00e5r, s\u00e5 vi  trenger den og selvsagt v\u00e5r tro\u00adfaste m\u00e5lepinne. Kan\u00adten vi er ute etter  skal v\u00e6re 1.5\u2033 og vi m\u00e5ler der\u00adfor ut 22.5\u2033 (24 minus 1.5) fra  grunnlin\u00adjen og bor\u00adrer hul\u00adlet 2\u2033 inn fra samme side som tidligere.<\/p>\n<p>S\u00e5 gjen\u00adtar vi prosedyren fra da vi laget strekene for railen, bare p\u00e5 A plat\u00aden denne gan\u00adgen, og en del tyn\u00adnere. Sag ut som tidligere.<\/p>\n<p><br class=\"spacer_\"><\/p>\n<p><img decoding=\"async\" class=\"alignleft\" src=\"http:\/\/cikeyweb.com\/img\/s2_klemmekompis.jpg\" alt=\"Viktig med en klemmekompiss\">Siden denne kan\u00adten er s\u00e5 tynn kan det v\u00e6re gre\u00adit \u00e5 feste den med klem\u00admer etter hvert som du sager ut, slik at den ikke knekker.<\/p>\n<p><br class=\"spacer_\"><\/p>\n<p><br class=\"spacer_\"><\/p>\n<p><br class=\"spacer_\"><\/p>\n<p><br class=\"spacer_\"><\/p>\n<p><br class=\"spacer_\"><\/p>\n<p><br class=\"spacer_\"><\/p>\n<p><br class=\"spacer_\"><\/p>\n<p><br class=\"spacer_\"><\/p>\n<p><br class=\"spacer_\"><\/p>\n<p><a rel=\"lightbox\" href=\"http:\/\/cikeyweb.com\/img\/s2_rail_forborre_stor.jpg\"><img decoding=\"async\" class=\"alignleft\" style=\"margin: 5px;\" src=\"http:\/\/cikeyweb.com\/img\/s2_rail_forborre.jpg\" alt=\"klikk for st\u00f8rre bilde\"><\/a><span> <\/span><\/p>\n<p>N\u00e5 skal vi skru den lille kan\u00adten fast p\u00e5 railen. Bruk klem\u00admer til \u00e5 holde det hele sam\u00admen, s\u00f8rg for at strekene p\u00e5 24\u2033 stem\u00admer overens <em>(fra de f\u00f8rste m\u00e5lene)<\/em>. For\u00adborr hull og skru&nbsp;fast!<\/p>\n<p><br class=\"spacer_\"><\/p>\n<p><br class=\"spacer_\"><\/p>\n<p><br class=\"spacer_\"><\/p>\n<p><br class=\"spacer_\"><\/p>\n<p><span><br>\n <\/span><\/p>\n<p><a rel=\"lightbox\" href=\"http:\/\/cikeyweb.com\/img\/s2_railkant_skrue_stor.jpg\"><img decoding=\"async\" class=\"alignleft\" style=\"margin: 5px;\" src=\"http:\/\/cikeyweb.com\/img\/s2_railkant_skrue.jpg\" alt=\"klikk for st\u00f8rre bilde\"><\/a> Jeg bruk\u00adte mange skruer <em>(selv om det ikke fremkom\u00admer av dette bildet)<\/em> s\u00e5 ikke v\u00e6r gniten! Fors\u00f8k ogs\u00e5 \u00e5 f\u00e5 skruene til \u00e5 bli jevne med trever\u00adket   <em>(stikko\u00adrd: skruer med senke\u00adhode)<\/em> slik at de ikke skaper prob\u00adle\u00admer n\u00e5r vi skal trekke skum og skai rundt railen v\u00e5r!<\/p>\n<p><br class=\"spacer_\"><\/p>\n<\/div>\n<\/div>\n<p><br class=\"spacer_\"><\/p>\n<p><br class=\"spacer_\"><\/p>\n<p><br class=\"spacer_\"><\/p>\n<p><br class=\"spacer_\"><\/p>\n<p><br class=\"spacer_\"><\/p>\n<div style=\"text-align: center;\"><strong>N\u00e5 har vi alt\u00ads\u00e5 en rail som pass\u00ader per\u00adfekt&nbsp;til&nbsp;<\/strong><\/div>\n<div style=\"text-align: center;\"><strong>det som skal bli race\u00adtrack og det hele b\u00f8r se omtrent slik&nbsp;ut&nbsp;<\/strong><\/div>\n<div>\n<p style=\"text-align: center;\"><a rel=\"lightbox\" href=\"http:\/\/cikeyweb.com\/img\/s2_rail_ferdig_stor.jpg\"><img loading=\"lazy\" decoding=\"async\" class=\"alignnone\" style=\"margin-left: 5px; margin-right: 5px;\" src=\"http:\/\/cikeyweb.com\/img\/s2_rail_ferdig.jpg\" alt=\"klikk for st\u00f8rre bilde\" width=\"450\" height=\"338\"><\/a><\/p>\n<\/div>\n","protected":false},"excerpt":{"rendered":"\n\t\t\t\t<div class=\"mr_social_sharing_wrapper\">\n\t\t\t\t<!-- Social Sharing Toolkit v2.2 --><span class=\"mr_social_sharing\"><fb:share-button type=\"button\" href=\"https:\/\/cikeyweb.com\/?page_id=62\"><\/fb:share-button><\/span><span class=\"mr_social_sharing\"><a href=\"https:\/\/twitter.com\/share\" class=\"twitter-share-button\" data-count=\"none\" data-url=\"https:\/\/cikeyweb.com\/?page_id=62\" data-via=\"Cikey_\" data-text=\"02\"><\/a><\/span><span class=\"mr_social_sharing\"><div class=\"g-plusone\" data-size=\"medium\" data-annotation=\"none\" data-href=\"https:\/\/cikeyweb.com\/?page_id=62\"><\/div><\/span><span class=\"mr_social_sharing\"><a rel=\"nofollow\" class=\"linksalpha_button linksalpha_link\" href=\"\/\/www.linksalpha.com\/social\/mobile\" data-url=\"https:\/\/cikeyweb.com\/?page_id=62\" data-text=\"02\" data-desc=\"Pokerbordguide - Side 2 N\u00e5 har du alts\u00e5 to ovale plater som er identiske. S\u00f8rg for at merkingen er god p\u00e5 begge to f\u00f8r du skiller dem. Det er viktig at vi har grunnpunktet (24\u2033 fra tre ender p\u00e5 hver side) p\u00e5 begge platene til senere m\u00e5l. Dersom du ikke treffer det samme punktet hver gang\" data-image data-button>\n\t\t\t\t\t<img decoding=\"async\" src=\"\/\/www.linksalpha.com\/images\/social_share_button.png\" alt=\"Share\" class=\"linksalpha_image\">\n\t\t\t\t\t<\/a><script type=\"text\/javascript\" src=\"\/\/www.linksalpha.com\/scripts\/loader_iconbox.js?v=2.4\"><\/script><\/span><\/div><p>Poker\u00adbor\u00addguide \u2014 Side&nbsp;2 N\u00e5 har du alt\u00ads\u00e5 to ovale plater som er iden\u00adtiske. S\u00f8rg for at merkin\u00adgen er god p\u00e5 begge to f\u00f8r du skiller dem. Det er vik\u00adtig at vi har grun\u00adnpunk\u00adtet (24\u2033 fra tre ender p\u00e5 hver side) p\u00e5 begge platene til senere m\u00e5l. Der\u00adsom du ikke tre\u00adf\u00adfer det samme punk\u00adtet hver&nbsp;gang&nbsp;[\u2026]<\/p>\n","protected":false},"author":1,"featured_media":0,"parent":45,"menu_order":0,"comment_status":"open","ping_status":"open","template":"","meta":{"wp_typography_post_enhancements_disabled":false,"footnotes":""},"class_list":["post-62","page","type-page","status-publish","hentry"],"_links":{"self":[{"href":"https:\/\/cikeyweb.com\/index.php?rest_route=\/wp\/v2\/pages\/62","targetHints":{"allow":["GET"]}}],"collection":[{"href":"https:\/\/cikeyweb.com\/index.php?rest_route=\/wp\/v2\/pages"}],"about":[{"href":"https:\/\/cikeyweb.com\/index.php?rest_route=\/wp\/v2\/types\/page"}],"author":[{"embeddable":true,"href":"https:\/\/cikeyweb.com\/index.php?rest_route=\/wp\/v2\/users\/1"}],"replies":[{"embeddable":true,"href":"https:\/\/cikeyweb.com\/index.php?rest_route=%2Fwp%2Fv2%2Fcomments&post=62"}],"version-history":[{"count":56,"href":"https:\/\/cikeyweb.com\/index.php?rest_route=\/wp\/v2\/pages\/62\/revisions"}],"predecessor-version":[{"id":409,"href":"https:\/\/cikeyweb.com\/index.php?rest_route=\/wp\/v2\/pages\/62\/revisions\/409"}],"up":[{"embeddable":true,"href":"https:\/\/cikeyweb.com\/index.php?rest_route=\/wp\/v2\/pages\/45"}],"wp:attachment":[{"href":"https:\/\/cikeyweb.com\/index.php?rest_route=%2Fwp%2Fv2%2Fmedia&parent=62"}],"curies":[{"name":"wp","href":"https:\/\/api.w.org\/{rel}","templated":true}]}}