
{"id":58,"date":"2009-10-26T03:28:49","date_gmt":"2009-10-26T01:28:49","guid":{"rendered":"http:\/\/cikeyweb.com\/word\/?page_id=58"},"modified":"2010-07-08T01:03:58","modified_gmt":"2010-07-07T23:03:58","slug":"01-2","status":"publish","type":"page","link":"https:\/\/cikeyweb.com\/?page_id=58","title":{"rendered":"01"},"content":{"rendered":"\n\t\t\t\t<div class=\"mr_social_sharing_wrapper\">\n\t\t\t\t<!-- Social Sharing Toolkit v2.2 --><span class=\"mr_social_sharing\"><fb:share-button type=\"button\" href=\"https:\/\/cikeyweb.com\/?page_id=58\"><\/fb:share-button><\/span><span class=\"mr_social_sharing\"><a href=\"https:\/\/twitter.com\/share\" class=\"twitter-share-button\" data-count=\"none\" data-url=\"https:\/\/cikeyweb.com\/?page_id=58\" data-via=\"Cikey_\" data-text=\"01\"><\/a><\/span><span class=\"mr_social_sharing\"><div class=\"g-plusone\" data-size=\"medium\" data-annotation=\"none\" data-href=\"https:\/\/cikeyweb.com\/?page_id=58\"><\/div><\/span><span class=\"mr_social_sharing\"><a rel=\"nofollow\" class=\"linksalpha_button linksalpha_link\" href=\"\/\/www.linksalpha.com\/social\/mobile\" data-url=\"https:\/\/cikeyweb.com\/?page_id=58\" data-text=\"01\" data-desc=\"Pokerbordguide - Side 1 Det aller f\u00f8rste du m\u00e5 gj\u00f8re er \u00e5 s\u00f8rge for at du har alt materialet og utstyret du trenger. Det er sterkt \u00e5 anbefale at du kj\u00f8per inn alt p\u00e5 forh\u00e5nd, s\u00e5 du slipper reise ut s\u00e5 mange ekstra turer (ikke at du slipper unna \" en ekstra turer data-image=\"http:\/\/cikeyweb.com\/img\/s1_plater.jpg\" data-button>\n\t\t\t\t\t<img decoding=\"async\" src=\"\/\/www.linksalpha.com\/images\/social_share_button.png\" alt=\"Share\" class=\"linksalpha_image\">\n\t\t\t\t\t<\/a><script type=\"text\/javascript\" src=\"\/\/www.linksalpha.com\/scripts\/loader_iconbox.js?v=2.4\"><\/script><\/span><\/div><div class=\"feature\">\n<div class=\"feature\">\n<div class=\"feature\">\n<div class=\"story style19\">\n<h2 class=\"style20\">Pokerbordguide \u2014 Side&nbsp;1<\/h2>\n<\/div>\n<div class=\"story style19\">\n<p class=\"style3\"><span class=\"style20\">Det aller f\u00f8rste du m\u00e5 gj\u00f8re er \u00e5 s\u00f8rge for at du har alt <a href=\"index.php?page=pokerbordet_materialer\" target=\"_self\">mate\u00adri\u00adalet<\/a> og <a href=\"index.php?page=pokerbordet_utstyr\" target=\"_self\">utstyret<\/a> du trenger. Det er sterkt \u00e5 anbe\u00adfale at du kj\u00f8per inn alt p\u00e5 forh\u00e5nd, s\u00e5 du slip\u00adper reise ut s\u00e5 mange ekstra tur\u00ader<em> (ikke at du slip\u00adper unna \u201cen mil\u00adlion\u201d ekstra tur\u00ader til jern\u00advare\u00adhan\u00adde\u00adlen uansett\u2026)&nbsp;<\/em><\/span><\/p>\n<p class=\"style3\"><img decoding=\"async\" class=\"alignleft\" style=\"margin-left: 5px; margin-right: 5px;\" src=\"http:\/\/cikeyweb.com\/img\/s1_plater.jpg\" alt=\"platene er kommet\"><span class=\"style20\">F\u00f8rste punkt er \u00e5 f\u00e5 platene i hus. Her anbe\u00adfales det \u00e5 ha en med\u00adhjelper tilgjen\u00adgelig. Disse platene kom\u00admer i stan\u00addard\u00adst\u00f8r\u00adrelsen 240 * 120 <em>(det er noen mil\u00adlime\u00adter ogs\u00e5, men det er st\u00f8r\u00adrelsen)<\/em> Du trenger alt\u00ads\u00e5 to plater, hvo\u00adrav en m\u00e5 v\u00e6re s\u00e5 pen som over\u00adhode mulig. Grun\u00adnen til dette er at det bare er den ene som blir syn\u00adlig, og da har det ingent\u00ading for seg \u00e5 betale flere hun\u00addre ekstra for to flotte plater. Jeg anbe\u00adfaler \u00e5 bruke furu til den \u201csyn\u00adlige\u201d. Til den andre har jeg brukt gran. Det er mye det samme hvilke plater du vel\u00adger, men s\u00f8rg for at de hold\u00ader skruer godt. S\u00f8rg ogs\u00e5 for at det er s\u00e5 lite som mulig <em>(om noe)<\/em> kvist i den fine plat\u00aden&nbsp;din.&nbsp;<\/span><\/p>\n<p class=\"style3\"><span class=\"style20\"><br>\n <\/span><\/p>\n<p><img loading=\"lazy\" decoding=\"async\" class=\"alignleft\" style=\"margin-left: 5px; margin-right: 5px; border: 0pt none;\" src=\"http:\/\/cikeyweb.com\/img\/s1_benkoghjeper.jpg\" alt=\"medhjelper og arbeidsbenk\" width=\"300\" height=\"230\"><span class=\"style20\">Du m\u00e5 lage deg til med en arbei\u00adds\u00adbenk. Dette kan synes som et opplagt punkt, men om du leg\u00adger litt tanke ned i det vil du spare deg arbeid senere. Det ideelle er \u00e5 ha to slike bukker som jeg har i bakkant, slik at du slip\u00adper \u00e5 fly\u00adtte p\u00e5 noe n\u00e5r du skal sage, men jeg hadde bare en, s\u00e5 jeg m\u00e5tte impro\u00advis\u00adere med resten <em>(i forkant). Som dere ser er det ogs\u00e5 vik\u00adtig med en med\u00adhjelper som job\u00adber og leser plan\u00ader mens du tar bilder\u2026<\/em><\/span><\/p>\n<p class=\"style3\"><span class=\"style20\">Legg begge platene ned p\u00e5 arbei\u00adds\u00adbenken. S\u00f8rg for at de lig\u00adger helt kant i kant, og at de ikke vil bevege seg <em>(klem\u00admer \/ tvinger er \u00e5 anbe\u00adfale)<\/em>. Vi skal kappe begge platene sam\u00adtidig f\u00f8rste gan\u00adgen. Vi skal alt\u00ads\u00e5 kappe av hj\u00f8rnene, slik at vi f\u00e5r den fine ovale for\u00admen vi skal ha. S\u00e5 n\u00e5 er det p\u00e5 tide \u00e5 finne frem meter\u00adstokken. I utstyrslis\u00adten har jeg skrevet meter \/ tommestokk, og grun\u00adnen til det er at jeg kom\u00admer til \u00e5 opp\u00adgi m\u00e5lene i tom\u00admer. Jeg har ikke laget bor\u00addet ut av l\u00f8se luften og egen kreativitet, men ut i fra Gowz\u00ader\u00adpok\u00ader sine plan\u00ader, og i Cana\u00adda bruk\u00ader de tom\u00admer, og ikke <span class=\"caps\">CM<\/span>. Det er en smal sak \u00e5 reg\u00adne om, men det tok jeg meg ikke bryet med, s\u00e5 denne guiden vil bruk\u00ader tommer\u2026<\/span><\/p>\n<p class=\"style3\"><span class=\"style20\"><br>\n <\/span><\/p>\n<p><img decoding=\"async\" class=\"alignleft\" style=\"margin-left: 5px; margin-right: 5px;\" src=\"http:\/\/cikeyweb.com\/img\/s1_hjorner.jpg\" alt=\"arbeidstegning plater\"><span class=\"style20\">M\u00e5l ut 24 \u201d <em>(om det skulle finnes noen tvil om det s\u00e5 er alt\u00ads\u00e5 \u201d teg\u00adnet for tom\u00admer) <\/em> fra kort\u00adsi\u00adden, og sett en strek tvers over plat\u00aden, som vist p\u00e5 teg\u00adnin\u00adgen.  M\u00e5l s\u00e5 ut 24\u2033 fra begge sider av plat\u00aden og lag et tydelig merke akku\u00adrat i midten <em>(alt\u00ads\u00e5 p\u00e5 det punk\u00adter som har 24\u2033 til tre av kan\u00adtene p\u00e5 plat\u00aden,) <\/em> Gj\u00f8r dette i begge ender. Du har n\u00e5 et punkt (p\u00e5 hver side) som jeg heretter vil ref\u00aderere til grun\u00adnpunk\u00adtet p\u00e5 plat\u00aden. Det er vik\u00adtig at du merk\u00ader ikke bare opp\u00e5 plat\u00aden, men ogs\u00e5 p\u00e5 siden av <em><span class=\"style18\"><strong>begge platene<\/strong>!<\/span><\/em> Grun\u00adnen til dette er at vi ogs\u00e5 trenger \u00e5 finne grun\u00adnpunk\u00adtet p\u00e5 den plat\u00aden som n\u00e5 lig\u00adger under\u00adst. V\u00e6r der\u00adfor n\u00f8ye med merkin\u00adgen slik at du ikke f\u00e5r prob\u00adle\u00admer senere&nbsp;<\/span><\/p>\n<p class=\"style3\"><span class=\"style20\">Den van\u00adlig\u00adste meto\u00adden for \u00e5 teg\u00adne en buet strek er \u00e5 trekke opp en 24\u2033 lang tr\u00e5d, og feste den ene enden i grun\u00adnpunk\u00adtet med spik\u00ader, og en blyant i den andre. Det er en fullt bruke\u00adlig metode, men Gowzerpoker.com l\u00e6rte meg en langt bedre og mer n\u00f8yak\u00adtig metode som jeg anbe\u00adfaler \u00e5 bruke. Vi skal lage noe Gowz\u00aders  kaller en \u201cmasterstick\u201cmen, siden dette er en norsk guide skal vi n\u00f8ye oss med \u00e5 kalle den for noe s\u00e5 enkelt som \u201cm\u00e5lepin\u00adnen\u201d<em>(ikke fullt s\u00e5 fan\u00adcy, men det&nbsp;duger).<\/em><\/span><\/p>\n<p class=\"style3\"><span class=\"style20\"><em><br>\n <\/em><\/span><\/p>\n<p class=\"style3\"><img decoding=\"async\" class=\"alignleft\" style=\"margin-left: 5px; margin-right: 5px;\" src=\"http:\/\/cikeyweb.com\/img\/s1_malepinnen.jpg\" alt=\"arbeidstegning m\u00e5lepinne\"><span class=\"style20\">M\u00e5lepin\u00adnen lager du av en smal pinne, av en eller annen form for treverk, men den m\u00e5 ha minst en rett side.<em> (slik at punk\u00adtene vi m\u00e5ler har samme avs\u00adtand til kan\u00adten!) <\/em> Hva som helst rundt 30\u2033 b\u00f8r gj\u00f8re susen! M\u00e5l deg frem til 2\u2033 fra ene enden av m\u00e5lepin\u00adnen og sett en strek tvers over. Denne streken er grunnstreken p\u00e5 m\u00e5lepin\u00adnen, og alle andre m\u00e5l p\u00e5 denne pin\u00adnen gj\u00f8res fra denne streken. M\u00e5l s\u00e5 s\u00e5 ut 24\u2033 fra grunnlin\u00adjen og set\u00adter en ny strek. M\u00e5l deg s\u00e5 inn 2\u2033 fra en side og mer av punk\u00adtet. Gj\u00f8r dette p\u00e5 begge strekene <em>(men husk \u00e5 m\u00e5le fra samme kant!) <\/em>Punk\u00adtet p\u00e5 grunnlin\u00adjen skal bor\u00adres ut akku\u00adrat stort nok til \u00e5 presse en syl gjen\u00adnom, mens punk\u00adtet p\u00e5 24\u2033 lin\u00adjen skal bor\u00adres akku\u00adrat stort nok til \u00e5 presse en rund blyant nedi.<em> (ikke press lengre enn at spisse s\u00e5 vidt kom\u00admer gjen\u00adnom, slik at blyan\u00adten har maks st\u00f8tte og st\u00e5r skikke\u00adlig i ro) <\/em>Ved \u00e5 sette sylen gjen\u00adnom punk\u00adtet p\u00e5 grunnlin\u00adjen og ned i grun\u00adnpunk\u00adtet p\u00e5 plat\u00aden skal du n\u00e5 v\u00e6re i stand til \u00e5 teg\u00adne en fin rund bue som g\u00e5r kant i kant med plat\u00aden n\u00e5r du svinger den fra den ene til den andre&nbsp;siden.&nbsp;<\/span><\/p>\n<p class=\"style3\"><span class=\"style20\"><br>\n<\/span><\/p>\n<p class=\"style20\"><span class=\"style17\">Det er vik\u00adtig \u00e5 v\u00e6re n\u00f8ye n\u00e5r du lager m\u00e5lepin\u00adnen din!<\/span> Jeg bruk\u00adte flere fors\u00f8k p\u00e5 \u00e5 f\u00e5 den <em>helt n\u00f8yak\u00adtig<\/em>. Klar\u00ader du ikke det vil alle m\u00e5lene du lager v\u00e6re un\u00f8yak\u00adtige og du vil f\u00e5 store prob\u00adle\u00admer med \u00e5 teg\u00adne opp lin\u00adjene du skal sage&nbsp;etter.<\/p>\n<p class=\"style20\">N\u00e5r du har f\u00e5tt trukket opp buene slik de skal v\u00e6re er det bare \u00e5 finne frem stikksagen og sage av hj\u00f8rnene. Ikke v\u00e6r redd om kap\u00adpene dine ikke blir helt fine, her skal vi ha b\u00e5de skumplast og skai over, s\u00e5 ingent\u00ading av dette blir syn\u00adlig. Har du gjort alt rik\u00adtig skal du ende opp med noe som ser omtrent slik&nbsp;ut:<\/p>\n<p class=\"style20\">&nbsp;<\/p>\n<p class=\"style20\">&nbsp;<\/p>\n<p class=\"style20\">&nbsp;<\/p>\n<\/div>\n<\/div>\n<\/div>\n<\/div>\n<p style=\"text-align: center;\"><span class=\"style3\"><img loading=\"lazy\" decoding=\"async\" class=\"alignnone\" style=\"margin-left: 5px; margin-right: 5px; border: 1px solid black;\" src=\"http:\/\/cikeyweb.com\/img\/s1_ferdigkappet.jpg\" border=\"1\" alt=\"ferdig kappet\" width=\"300\" height=\"225\"><\/span><\/p>\n","protected":false},"excerpt":{"rendered":"\n\t\t\t\t<div class=\"mr_social_sharing_wrapper\">\n\t\t\t\t<!-- Social Sharing Toolkit v2.2 --><span class=\"mr_social_sharing\"><fb:share-button type=\"button\" href=\"https:\/\/cikeyweb.com\/?page_id=58\"><\/fb:share-button><\/span><span class=\"mr_social_sharing\"><a href=\"https:\/\/twitter.com\/share\" class=\"twitter-share-button\" data-count=\"none\" data-url=\"https:\/\/cikeyweb.com\/?page_id=58\" data-via=\"Cikey_\" data-text=\"01\"><\/a><\/span><span class=\"mr_social_sharing\"><div class=\"g-plusone\" data-size=\"medium\" data-annotation=\"none\" data-href=\"https:\/\/cikeyweb.com\/?page_id=58\"><\/div><\/span><span class=\"mr_social_sharing\"><a rel=\"nofollow\" class=\"linksalpha_button linksalpha_link\" href=\"\/\/www.linksalpha.com\/social\/mobile\" data-url=\"https:\/\/cikeyweb.com\/?page_id=58\" data-text=\"01\" data-desc=\"Pokerbordguide - Side 1 Det aller f\u00f8rste du m\u00e5 gj\u00f8re er \u00e5 s\u00f8rge for at du har alt materialet og utstyret du trenger. Det er sterkt \u00e5 anbefale at du kj\u00f8per inn alt p\u00e5 forh\u00e5nd, s\u00e5 du slipper reise ut s\u00e5 mange ekstra turer (ikke at du slipper unna \" en ekstra turer data-image data-button>\n\t\t\t\t\t<img decoding=\"async\" src=\"\/\/www.linksalpha.com\/images\/social_share_button.png\" alt=\"Share\" class=\"linksalpha_image\">\n\t\t\t\t\t<\/a><script type=\"text\/javascript\" src=\"\/\/www.linksalpha.com\/scripts\/loader_iconbox.js?v=2.4\"><\/script><\/span><\/div><p>Poker\u00adbor\u00addguide \u2014 Side&nbsp;1 Det aller f\u00f8rste du m\u00e5 gj\u00f8re er \u00e5 s\u00f8rge for at du har alt mate\u00adri\u00adalet og utstyret du trenger. Det er sterkt \u00e5 anbe\u00adfale at du kj\u00f8per inn alt p\u00e5 forh\u00e5nd, s\u00e5 du slip\u00adper reise ut s\u00e5 mange ekstra tur\u00ader (ikke at du slip\u00adper unna \u201cen mil\u00adlion\u201d ekstra tur\u00ader til jern\u00advare\u00adhan\u00adde\u00adlen uansett\u2026)&nbsp;[\u2026]<\/p>\n","protected":false},"author":1,"featured_media":0,"parent":45,"menu_order":0,"comment_status":"open","ping_status":"open","template":"","meta":{"wp_typography_post_enhancements_disabled":false,"footnotes":""},"class_list":["post-58","page","type-page","status-publish","hentry"],"_links":{"self":[{"href":"https:\/\/cikeyweb.com\/index.php?rest_route=\/wp\/v2\/pages\/58","targetHints":{"allow":["GET"]}}],"collection":[{"href":"https:\/\/cikeyweb.com\/index.php?rest_route=\/wp\/v2\/pages"}],"about":[{"href":"https:\/\/cikeyweb.com\/index.php?rest_route=\/wp\/v2\/types\/page"}],"author":[{"embeddable":true,"href":"https:\/\/cikeyweb.com\/index.php?rest_route=\/wp\/v2\/users\/1"}],"replies":[{"embeddable":true,"href":"https:\/\/cikeyweb.com\/index.php?rest_route=%2Fwp%2Fv2%2Fcomments&post=58"}],"version-history":[{"count":13,"href":"https:\/\/cikeyweb.com\/index.php?rest_route=\/wp\/v2\/pages\/58\/revisions"}],"predecessor-version":[{"id":402,"href":"https:\/\/cikeyweb.com\/index.php?rest_route=\/wp\/v2\/pages\/58\/revisions\/402"}],"up":[{"embeddable":true,"href":"https:\/\/cikeyweb.com\/index.php?rest_route=\/wp\/v2\/pages\/45"}],"wp:attachment":[{"href":"https:\/\/cikeyweb.com\/index.php?rest_route=%2Fwp%2Fv2%2Fmedia&parent=58"}],"curies":[{"name":"wp","href":"https:\/\/api.w.org\/{rel}","templated":true}]}}