
{"id":45,"date":"2009-10-26T03:19:11","date_gmt":"2009-10-26T01:19:11","guid":{"rendered":"http:\/\/cikeyweb.com\/word\/?page_id=45"},"modified":"2021-04-08T12:11:48","modified_gmt":"2021-04-08T10:11:48","slug":"pokerbord-guide","status":"publish","type":"page","link":"https:\/\/cikeyweb.com\/?page_id=45","title":{"rendered":"Pokerbord Guide"},"content":{"rendered":"\n\t\t\t\t<div class=\"mr_social_sharing_wrapper\">\n\t\t\t\t<!-- Social Sharing Toolkit v2.2 --><span class=\"mr_social_sharing\"><fb:share-button type=\"button\" href=\"https:\/\/cikeyweb.com\/?page_id=45\"><\/fb:share-button><\/span><span class=\"mr_social_sharing\"><a href=\"https:\/\/twitter.com\/share\" class=\"twitter-share-button\" data-count=\"none\" data-url=\"https:\/\/cikeyweb.com\/?page_id=45\" data-via=\"Cikey_\" data-text=\"Pokerbord Guide\"><\/a><\/span><span class=\"mr_social_sharing\"><div class=\"g-plusone\" data-size=\"medium\" data-annotation=\"none\" data-href=\"https:\/\/cikeyweb.com\/?page_id=45\"><\/div><\/span><span class=\"mr_social_sharing\"><a rel=\"nofollow\" class=\"linksalpha_button linksalpha_link\" href=\"\/\/www.linksalpha.com\/social\/mobile\" data-url=\"https:\/\/cikeyweb.com\/?page_id=45\" data-text=\"Pokerbord Guide\" data-desc=\"Bygge pokerbord? Jeg har omsider gjort ferdig arbeidet med pokerbordguiden min. Jeg h\u00e5per den kan v\u00e6re til hjelp og inspirasjon for andre som \u00f8nsker \u00e5 bygge sitt eget pokerbord. Min inspirasjon kom fra en n\u00e5 nedlagt side, nemlig Gowzerpoker.com. Selv om mitt arbeid er inspirert av Gowzerspokers\" data-image=\"http:\/\/cikeyweb.com\/img\/guide-276x300.jpg\" data-button>\n\t\t\t\t\t<img decoding=\"async\" src=\"\/\/www.linksalpha.com\/images\/social_share_button.png\" alt=\"Share\" class=\"linksalpha_image\">\n\t\t\t\t\t<\/a><script type=\"text\/javascript\" src=\"\/\/www.linksalpha.com\/scripts\/loader_iconbox.js?v=2.4\"><\/script><\/span><\/div><h3><img loading=\"lazy\" decoding=\"async\" class=\"alignleft size-medium wp-image-46\" style=\"margin-left: 5px; margin-right: 5px;\" title=\"guide\" src=\"http:\/\/cikeyweb.com\/img\/guide-276x300.jpg\" alt=\"guide\" width=\"276\" height=\"300\">Bygge pokerbord?<\/h3>\n<p>Jeg har omsider gjort fer\u00addig arbei\u00addet med poker\u00adbor\u00addguiden min. Jeg h\u00e5per den kan v\u00e6re til hjelp og inspi\u00adrasjon for andre som \u00f8nsker \u00e5 bygge sitt eget poker\u00adbord. Min inspi\u00adrasjon kom fra en n\u00e5 ned\u00adlagt side, nem\u00adlig Gowzerpoker.com. Selv om mitt arbeid er inspir\u00adert av Gowz\u00ader\u00adspok\u00aders arbeid har jeg gjort en del endringer som jeg selv men\u00ader er til det&nbsp;bedre.<\/p>\n<p>Jeg har gjort mitt beste for \u00e5 gjen\u00adn\u00adgi pros\u00adessen p\u00e5 en let\u00adtfat\u00adtelig m\u00e5te, og h\u00e5per p\u00e5 forst\u00e5else for at dette er f\u00f8rste gan\u00adgen jeg gj\u00f8r noe slikt som dette. Skulle noe v\u00e6re uklart eller feil i guiden blir jeg sv\u00e6rt glad for tilbakemeld\u00ading, og jeg vil fors\u00f8ke opp\u00adklare alle miss\u00adforst\u00e5elser eller uklarheter s\u00e5 snart som&nbsp;mulig.<\/p>\n<p>Guiden kan fritt benyttes til per\u00adson\u00adlig bruk. Det vil si at du kan laste den ned og printe den ut til egen refer\u00adanse. Men du kan p\u00e5 ingen m\u00e5te gjen\u00adn\u00adgi den helt eller delvis i noen form eller i noe media uten skriftlig tila\u00adtelse fra meg. Alt innhold, tekst, bilder og illus\u00adtrasjon\u00ader er beskyt\u00adtet av lov om opphavs\u00adrett. Skulle noen for\u00adbryte seg mot dette vil det bli straf\u00adfe\u00adfor\u00adful\u00adgt med alle tilgjen\u00adgelig midler.<\/p>\n<p>Jeg har brukt mye tid og krefter p\u00e5 denne guiden, og h\u00e5per at folk set\u00adter pris p\u00e5, og respek\u00adter\u00ader det arbei\u00addet jeg har lagt ned. Det er helt gratis \u00e5 benytte seg av denne guiden, men der\u00adsom du har brukt den til \u00e5 bygge ditt eget poker\u00adbord opp\u00adfor\u00addres du til \u00e5 donere noen kro\u00adner til drift og ved\u00adlike\u00adhold av denne web\u00adsi\u00adden slik at flere kan f\u00e5 glede av innholdet<\/p>\n<div><strong>Sider i Guiden: <a title=\"02\" href=\"..\/?page_id=58\">01<\/a> | <a title=\"02\" href=\"..\/?page_id=62\">02<\/a> | <a title=\"03\" href=\"..\/?page_id=277\">03<\/a> | <a title=\"04\" href=\"..\/?page_id=284\">04<\/a> | <a title=\"05\" href=\"..\/?page_id=383\">05<\/a> | <a title=\"06\" href=\"..\/?page_id=392\">06<\/a><\/strong><img loading=\"lazy\" decoding=\"async\" src=\"https:\/\/www.paypalobjects.com\/en_US\/i\/scr\/pixel.gif\" alt width=\"1\" height=\"1\" border=\"0\"><\/div>\n","protected":false},"excerpt":{"rendered":"\n\t\t\t\t<div class=\"mr_social_sharing_wrapper\">\n\t\t\t\t<!-- Social Sharing Toolkit v2.2 --><span class=\"mr_social_sharing\"><fb:share-button type=\"button\" href=\"https:\/\/cikeyweb.com\/?page_id=45\"><\/fb:share-button><\/span><span class=\"mr_social_sharing\"><a href=\"https:\/\/twitter.com\/share\" class=\"twitter-share-button\" data-count=\"none\" data-url=\"https:\/\/cikeyweb.com\/?page_id=45\" data-via=\"Cikey_\" data-text=\"Pokerbord Guide\"><\/a><\/span><span class=\"mr_social_sharing\"><div class=\"g-plusone\" data-size=\"medium\" data-annotation=\"none\" data-href=\"https:\/\/cikeyweb.com\/?page_id=45\"><\/div><\/span><span class=\"mr_social_sharing\"><a rel=\"nofollow\" class=\"linksalpha_button linksalpha_link\" href=\"\/\/www.linksalpha.com\/social\/mobile\" data-url=\"https:\/\/cikeyweb.com\/?page_id=45\" data-text=\"Pokerbord Guide\" data-desc=\"Bygge pokerbord? Jeg har omsider gjort ferdig arbeidet med pokerbordguiden min. Jeg h\u00e5per den kan v\u00e6re til hjelp og inspirasjon for andre som \u00f8nsker \u00e5 bygge sitt eget pokerbord. Min inspirasjon kom fra en n\u00e5 nedlagt side, nemlig Gowzerpoker.com. Selv om mitt arbeid er inspirert av Gowzerspokers\" data-image data-button>\n\t\t\t\t\t<img decoding=\"async\" src=\"\/\/www.linksalpha.com\/images\/social_share_button.png\" alt=\"Share\" class=\"linksalpha_image\">\n\t\t\t\t\t<\/a><script type=\"text\/javascript\" src=\"\/\/www.linksalpha.com\/scripts\/loader_iconbox.js?v=2.4\"><\/script><\/span><\/div><p>Bygge poker\u00adbord? Jeg har omsider gjort fer\u00addig arbei\u00addet med poker\u00adbor\u00addguiden min. Jeg h\u00e5per den kan v\u00e6re til hjelp og inspi\u00adrasjon for andre som \u00f8nsker \u00e5 bygge sitt eget poker\u00adbord. Min inspi\u00adrasjon kom fra en n\u00e5 ned\u00adlagt side, nem\u00adlig Gowzerpoker.com. Selv om mitt arbeid er inspir\u00adert av Gowz\u00ader\u00adspok\u00aders arbeid har jeg gjort en del endringer som&nbsp;[\u2026]<\/p>\n","protected":false},"author":1,"featured_media":0,"parent":20,"menu_order":1,"comment_status":"open","ping_status":"open","template":"","meta":{"wp_typography_post_enhancements_disabled":false,"footnotes":""},"class_list":["post-45","page","type-page","status-publish","hentry"],"_links":{"self":[{"href":"https:\/\/cikeyweb.com\/index.php?rest_route=\/wp\/v2\/pages\/45","targetHints":{"allow":["GET"]}}],"collection":[{"href":"https:\/\/cikeyweb.com\/index.php?rest_route=\/wp\/v2\/pages"}],"about":[{"href":"https:\/\/cikeyweb.com\/index.php?rest_route=\/wp\/v2\/types\/page"}],"author":[{"embeddable":true,"href":"https:\/\/cikeyweb.com\/index.php?rest_route=\/wp\/v2\/users\/1"}],"replies":[{"embeddable":true,"href":"https:\/\/cikeyweb.com\/index.php?rest_route=%2Fwp%2Fv2%2Fcomments&post=45"}],"version-history":[{"count":11,"href":"https:\/\/cikeyweb.com\/index.php?rest_route=\/wp\/v2\/pages\/45\/revisions"}],"predecessor-version":[{"id":499,"href":"https:\/\/cikeyweb.com\/index.php?rest_route=\/wp\/v2\/pages\/45\/revisions\/499"}],"up":[{"embeddable":true,"href":"https:\/\/cikeyweb.com\/index.php?rest_route=\/wp\/v2\/pages\/20"}],"wp:attachment":[{"href":"https:\/\/cikeyweb.com\/index.php?rest_route=%2Fwp%2Fv2%2Fmedia&parent=45"}],"curies":[{"name":"wp","href":"https:\/\/api.w.org\/{rel}","templated":true}]}}