
{"id":392,"date":"2010-07-08T01:00:52","date_gmt":"2010-07-07T23:00:52","guid":{"rendered":"http:\/\/poker.cikeyweb.com\/?page_id=392"},"modified":"2010-07-08T01:09:56","modified_gmt":"2010-07-07T23:09:56","slug":"06-2-2","status":"publish","type":"page","link":"https:\/\/cikeyweb.com\/?page_id=392","title":{"rendered":"06"},"content":{"rendered":"\n\t\t\t\t<div class=\"mr_social_sharing_wrapper\">\n\t\t\t\t<!-- Social Sharing Toolkit v2.2 --><span class=\"mr_social_sharing\"><fb:share-button type=\"button\" href=\"https:\/\/cikeyweb.com\/?page_id=392\"><\/fb:share-button><\/span><span class=\"mr_social_sharing\"><a href=\"https:\/\/twitter.com\/share\" class=\"twitter-share-button\" data-count=\"none\" data-url=\"https:\/\/cikeyweb.com\/?page_id=392\" data-via=\"Cikey_\" data-text=\"06\"><\/a><\/span><span class=\"mr_social_sharing\"><div class=\"g-plusone\" data-size=\"medium\" data-annotation=\"none\" data-href=\"https:\/\/cikeyweb.com\/?page_id=392\"><\/div><\/span><span class=\"mr_social_sharing\"><a rel=\"nofollow\" class=\"linksalpha_button linksalpha_link\" href=\"\/\/www.linksalpha.com\/social\/mobile\" data-url=\"https:\/\/cikeyweb.com\/?page_id=392\" data-text=\"06\" data-desc=\"Montering N\u00e5 er vi s\u00e5 godt som ferdige! Vi har alle delene, s\u00e5 n\u00e5 m\u00e5 de bare monteres. Legg racetracken din opp ned og sentrer grunnplaten opp\u00e5. Finn frem skruer og skru fast! S\u00f8rg bare for \u00e5 holde deg ute langs kanten slik at ikke skruene kommer i veien for senterplaten. IKKE bruk skruer\" data-image=\"http:\/\/cikeyweb.com\/img\/s6_pregame_setup.jpg\" data-button>\n\t\t\t\t\t<img decoding=\"async\" src=\"\/\/www.linksalpha.com\/images\/social_share_button.png\" alt=\"Share\" class=\"linksalpha_image\">\n\t\t\t\t\t<\/a><script type=\"text\/javascript\" src=\"\/\/www.linksalpha.com\/scripts\/loader_iconbox.js?v=2.4\"><\/script><\/span><\/div><div>\n<div>\n<div>\n<div>\n<p><strong>Mon\u00adter\u00ading<\/strong><\/p>\n<p>N\u00e5 er vi s\u00e5 godt som fer\u00addi\u00adge! Vi har alle  delene, s\u00e5 n\u00e5 m\u00e5 de bare monteres.<\/p>\n<p>Legg race\u00adtrack\u00aden din opp ned og sen\u00adtr\u00ader  grun\u00adnplat\u00aden opp\u00e5. Finn frem skruer og skru fast! S\u00f8rg bare for \u00e5 holde  deg ute langs kan\u00adten slik at ikke skruene kom\u00admer i veien for  sen\u00adter\u00adplat\u00aden. <span class=\"caps\">IKKE<\/span> bruk skruer som er lengre enn  25mm ellers g\u00e5r de gjen\u00adnom begge platene og \u00f8de\u00adleg\u00adger hele pros\u00adjek\u00adtet!  Du trenger ikke s\u00e5 mange skruer, 8 \u2014 10 stk jevnt fordelt b\u00f8r gj\u00f8re&nbsp;susen.<\/p>\n<p>Mon\u00adter og skru fast beina om du skal ha det.  Jeg kj\u00f8pte noen bil\u00adlige p\u00e5 <span class=\"caps\">IKEA<\/span> <em>(Vika Falle)<\/em> og de fun\u00adger\u00ader  utmer\u00adket. F\u00f8lg egen bruksanvisning.<\/p>\n<p>S\u00e5 leg\u00adger du i sen\u00adter\u00adplat\u00aden og fes\u00adter denne  med et par skruer fra under\u00adsi\u00adden. F\u00e5 en med\u00adhjelperen din til \u00e5 presse  ned p\u00e5 sen\u00adter\u00adplat\u00aden mens du skrur den fast. Jeg har bare to skruer i  sen\u00adter\u00adplat\u00aden, en p\u00e5 hver side <em>(i utgangspunk\u00adtet lig\u00adger denne godt  nok uten skruer, men ved \u00e5 sette i et par stk likev\u00adel er vi sikker p\u00e5 at  den hold\u00ader seg p\u00e5&nbsp;plass)<\/em><\/p>\n<p style=\"text-align: center;\"><em><br>\n <\/em><\/p>\n<\/div>\n<div>\n<p style=\"text-align: center;\"><strong>Til slutt legges railen p\u00e5 plass ytterst og <\/strong><strong>grat\u00adulerer:<br>\ndu har et fiks fer\u00addig poker\u00adbord! Verre var det&nbsp;ikke!<\/strong><\/p>\n<p><br class=\"spacer_\"><\/p>\n<p><em>(Det er ingen grunn til \u00e5 skru railen  fast da den lig\u00adger utmer\u00adket godt av seg selv. At den kan l\u00f8ftes av  foren\u00adkler rengj\u00f8ring av bordet!)<\/em><\/p>\n<p><br class=\"spacer_\"><\/p>\n<p><strong>En stor takk  til f\u00f8l\u00adgende per\u00adson\u00ader<\/strong>:<\/p>\n<p><strong>Ole Andre og Christo\u00adpher<\/strong>, <em>som  hjalp til p\u00e5 prosjektet<\/em><br>\n <strong>Far<\/strong>, <em>som mer eller min\u00addre friv\u00adil\u00adlig  stilte rom og verk\u00adt\u00f8y til disposisjon<\/em><\/p>\n<p><br class=\"spacer_\"><\/p>\n<p><em><br>\n <\/em><\/p>\n<\/div>\n<\/div>\n<\/div>\n<\/div>\n<p style=\"text-align: center;\"><a rel=\"lightbox\" href=\"http:\/\/cikeyweb.com\/img\/s6_pregame_setup_stor.jpg\"><img decoding=\"async\" src=\"http:\/\/cikeyweb.com\/img\/s6_pregame_setup.jpg\" alt><\/a><\/p>\n<p style=\"text-align: center;\"><a rel=\"lightbox\" href=\"http:\/\/cikeyweb.com\/img\/images\/s6_royal_stor.jpg\"><img decoding=\"async\" src=\"http:\/\/cikeyweb.com\/img\/s6_royal.jpg\" alt><\/a><\/p>\n","protected":false},"excerpt":{"rendered":"\n\t\t\t\t<div class=\"mr_social_sharing_wrapper\">\n\t\t\t\t<!-- Social Sharing Toolkit v2.2 --><span class=\"mr_social_sharing\"><fb:share-button type=\"button\" href=\"https:\/\/cikeyweb.com\/?page_id=392\"><\/fb:share-button><\/span><span class=\"mr_social_sharing\"><a href=\"https:\/\/twitter.com\/share\" class=\"twitter-share-button\" data-count=\"none\" data-url=\"https:\/\/cikeyweb.com\/?page_id=392\" data-via=\"Cikey_\" data-text=\"06\"><\/a><\/span><span class=\"mr_social_sharing\"><div class=\"g-plusone\" data-size=\"medium\" data-annotation=\"none\" data-href=\"https:\/\/cikeyweb.com\/?page_id=392\"><\/div><\/span><span class=\"mr_social_sharing\"><a rel=\"nofollow\" class=\"linksalpha_button linksalpha_link\" href=\"\/\/www.linksalpha.com\/social\/mobile\" data-url=\"https:\/\/cikeyweb.com\/?page_id=392\" data-text=\"06\" data-desc=\"Montering N\u00e5 er vi s\u00e5 godt som ferdige! Vi har alle delene, s\u00e5 n\u00e5 m\u00e5 de bare monteres. Legg racetracken din opp ned og sentrer grunnplaten opp\u00e5. Finn frem skruer og skru fast! S\u00f8rg bare for \u00e5 holde deg ute langs kanten slik at ikke skruene kommer i veien for senterplaten. IKKE bruk skruer\" data-image data-button>\n\t\t\t\t\t<img decoding=\"async\" src=\"\/\/www.linksalpha.com\/images\/social_share_button.png\" alt=\"Share\" class=\"linksalpha_image\">\n\t\t\t\t\t<\/a><script type=\"text\/javascript\" src=\"\/\/www.linksalpha.com\/scripts\/loader_iconbox.js?v=2.4\"><\/script><\/span><\/div><p>Mon\u00adter\u00ading N\u00e5 er vi s\u00e5 godt som fer\u00addi\u00adge! Vi har alle delene, s\u00e5 n\u00e5 m\u00e5 de bare mon\u00adteres. Legg race\u00adtrack\u00aden din opp ned og sen\u00adtr\u00ader grun\u00adnplat\u00aden opp\u00e5. Finn frem skruer og skru fast! S\u00f8rg bare for \u00e5 holde deg ute langs kan\u00adten slik at ikke skruene kom\u00admer i veien for sen\u00adter\u00adplat\u00aden. <span class=\"caps\">IKKE<\/span> bruk skruer som&nbsp;[\u2026]<\/p>\n","protected":false},"author":1,"featured_media":0,"parent":45,"menu_order":0,"comment_status":"open","ping_status":"open","template":"","meta":{"wp_typography_post_enhancements_disabled":false,"footnotes":""},"class_list":["post-392","page","type-page","status-publish","hentry"],"_links":{"self":[{"href":"https:\/\/cikeyweb.com\/index.php?rest_route=\/wp\/v2\/pages\/392","targetHints":{"allow":["GET"]}}],"collection":[{"href":"https:\/\/cikeyweb.com\/index.php?rest_route=\/wp\/v2\/pages"}],"about":[{"href":"https:\/\/cikeyweb.com\/index.php?rest_route=\/wp\/v2\/types\/page"}],"author":[{"embeddable":true,"href":"https:\/\/cikeyweb.com\/index.php?rest_route=\/wp\/v2\/users\/1"}],"replies":[{"embeddable":true,"href":"https:\/\/cikeyweb.com\/index.php?rest_route=%2Fwp%2Fv2%2Fcomments&post=392"}],"version-history":[{"count":4,"href":"https:\/\/cikeyweb.com\/index.php?rest_route=\/wp\/v2\/pages\/392\/revisions"}],"predecessor-version":[{"id":413,"href":"https:\/\/cikeyweb.com\/index.php?rest_route=\/wp\/v2\/pages\/392\/revisions\/413"}],"up":[{"embeddable":true,"href":"https:\/\/cikeyweb.com\/index.php?rest_route=\/wp\/v2\/pages\/45"}],"wp:attachment":[{"href":"https:\/\/cikeyweb.com\/index.php?rest_route=%2Fwp%2Fv2%2Fmedia&parent=392"}],"curies":[{"name":"wp","href":"https:\/\/api.w.org\/{rel}","templated":true}]}}