
{"id":383,"date":"2010-07-08T00:55:27","date_gmt":"2010-07-07T22:55:27","guid":{"rendered":"http:\/\/poker.cikeyweb.com\/?page_id=383"},"modified":"2010-07-08T01:08:20","modified_gmt":"2010-07-07T23:08:20","slug":"06-2","status":"publish","type":"page","link":"https:\/\/cikeyweb.com\/?page_id=383","title":{"rendered":"05"},"content":{"rendered":"\n\t\t\t\t<div class=\"mr_social_sharing_wrapper\">\n\t\t\t\t<!-- Social Sharing Toolkit v2.2 --><span class=\"mr_social_sharing\"><fb:share-button type=\"button\" href=\"https:\/\/cikeyweb.com\/?page_id=383\"><\/fb:share-button><\/span><span class=\"mr_social_sharing\"><a href=\"https:\/\/twitter.com\/share\" class=\"twitter-share-button\" data-count=\"none\" data-url=\"https:\/\/cikeyweb.com\/?page_id=383\" data-via=\"Cikey_\" data-text=\"05\"><\/a><\/span><span class=\"mr_social_sharing\"><div class=\"g-plusone\" data-size=\"medium\" data-annotation=\"none\" data-href=\"https:\/\/cikeyweb.com\/?page_id=383\"><\/div><\/span><span class=\"mr_social_sharing\"><a rel=\"nofollow\" class=\"linksalpha_button linksalpha_link\" href=\"\/\/www.linksalpha.com\/social\/mobile\" data-url=\"https:\/\/cikeyweb.com\/?page_id=383\" data-text=\"05\" data-desc=\"Pokerbordguide - Side 5 Rail (med padding) Lei av strekking og stifting? Senterstykket var bare oppvarmingen, n\u00e5 begynner den virkelige moroa! Railen skal trekkes med skum og skai. Jeg kj\u00f8pte skum og skai hos Zorba AS (\u00c5sane utenfor Bergen) De hadde ikke skum som var bredt nok (vi trenger ca 1.5m\" data-image=\"http:\/\/cikeyweb.com\/img\/s5_rail_skum_streker.jpg\" data-button>\n\t\t\t\t\t<img decoding=\"async\" src=\"\/\/www.linksalpha.com\/images\/social_share_button.png\" alt=\"Share\" class=\"linksalpha_image\">\n\t\t\t\t\t<\/a><script type=\"text\/javascript\" src=\"\/\/www.linksalpha.com\/scripts\/loader_iconbox.js?v=2.4\"><\/script><\/span><\/div><h2>Pokerbordguide \u2014 Side&nbsp;5<\/h2>\n<p>Rail (med padding)<strong> <\/strong><\/p>\n<p><strong><br>\n<\/strong><\/p>\n<p>Lei av strekking og stift\u00ading? Sen\u00adter\u00adstykket  var bare opp\u00advarmin\u00adgen, n\u00e5 beg\u00adyn\u00adner den virke\u00adlige&nbsp;moroa!<\/p>\n<p>Railen skal trekkes med skum og skai. Jeg  kj\u00f8pte skum og skai hos Zor\u00adba <span class=\"caps\">AS<\/span> <em>(\u00c5sane uten\u00adfor Bergen)<\/em> De  hadde ikke skum som var bredt nok <em>(vi trenger ca 1.5m bredt) <\/em>s\u00e5  jeg m\u00e5tte kj\u00f8pe to lengder og legge dobbelt<em>.<\/em> Det varn\u00adfor s\u00e5  vidt ikke et prob\u00adlem, for uten at det ble utrolig mye svinn. N\u00e5r railen  er fer\u00addig merkes ikke skj\u00f8ten ved min\u00addre man vet den er der, og hva man  skal kjenne etter. Jeg kj\u00f8pte alt\u00ads\u00e5 inn 2cm tjukk skum 5 x 1 meter (i  prak\u00adsis 2.5 x 2). 2 cm med skum er nok, men ikke mer. Skal jeg bygge  flere bord vel\u00adger jeg kan\u00adskje noe tjukkere skum til railen. Jeg kj\u00f8pte  ogs\u00e5 svart skai 150 cm x 300 cm, noe som var rike\u00adlig <em>(se bildene). <\/em>Det  finnes andre teknikker for trekke railen med skai som gir min\u00addre svinn <em>(og  der\u00adfor er bil\u00adligere)<\/em> men den meto\u00adden vi skal bruke her gir en rail  helt uten skj\u00f8ter!<\/p>\n<p><a rel=\"lightbox\" href=\"http:\/\/cikeyweb.com\/img\/s5_rail_skum_streker_stor.jpg\"><img loading=\"lazy\" decoding=\"async\" class=\"alignleft\" style=\"margin-left: 5px; margin-right: 5px;\" src=\"http:\/\/cikeyweb.com\/img\/s5_rail_skum_streker.jpg\" alt width=\"300\" height=\"225\"><\/a>Lag et grovt merke over hvor mye  skum du trenger. Beregn rike\u00adlig slik at det ikke blir for lite <em>(vi  m\u00e5 uansett trimme bort over\u00adskud\u00addet senere)<\/em>. N\u00e5r du har streket  rundt tar du bort railen og kut\u00adter som plan\u00adlagt. <em>(Det skal v\u00e6re nok  skum til \u00e5 komme opp p\u00e5 under\u00adsi\u00adden av railen, fra begge sidene, men de  skal ikke over hveran\u00addre. Se bildene slik at du er sikker p\u00e5 hva jeg&nbsp;mener)<\/em><\/p>\n<p><br class=\"spacer_\"><\/p>\n<p><em><br>\n <\/em><\/p>\n<p><strong><span class=\"caps\">OBS<\/span>: Gj\u00f8r du dette inne som meg, s\u00e5 s\u00f8rg for \u00e5  legg noe under slik at du ikke \u00f8de\u00adleg\u00adger gulvet!<\/strong><\/p>\n<p>S\u00e5 limer du fast skum\u00admet etter same mod\u00adell  som under\u00adduken vi fes\u00adtet tidligere, men ikke trim av noe mer skum enda!  N\u00e5r den er limt fast leg\u00adger du ned skaien din og leg\u00adger railen opp\u00e5.  Igjen er det vik\u00adtig \u00e5 ha noe under, men denne gan\u00adgen like mye for \u00e5  beskyt\u00adtet skaien som gul\u00advet. <em>(Vi vil jo ikke ripe opp railen f\u00f8r den  er ferdig!)<\/em><\/p>\n<p><a rel=\"lightbox\" href=\"http:\/\/cikeyweb.com\/img\/s5_rail_skai_forst_stor.jpg\"><img decoding=\"async\" class=\"alignleft\" style=\"margin-left: 5px; margin-right: 5px;\" src=\"http:\/\/cikeyweb.com\/img\/s5_rail_skai_forst.jpg\" alt><\/a>S\u00f8rg for \u00e5 ha skaien noen\u00adlunde  sen\u00adtr\u00adert slik at du har nok p\u00e5 begge sidene. <em>(Husk at den skal  brettes opp og festes p\u00e5 undersiden).&nbsp;<\/em><\/p>\n<p><a rel=\"lightbox\" href=\"http:\/\/cikeyweb.com\/img\/s5_rail_skai_stifte_stor.jpg\"><img decoding=\"async\" class=\"alignleft\" style=\"margin-left: 5px; margin-right: 5px;\" src=\"http:\/\/cikeyweb.com\/img\/s5_rail_skai_stifte.jpg\" alt><\/a>S\u00e5 er det bare \u00e5 beg\u00adynne \u00e5 stifte.  Vi bruk\u00ader samme mod\u00adell om tidligere, f\u00f8rst noen stifter i top\u00adpen av hver  av buene, f\u00f8r vi job\u00adber oss rundt langsidene.<\/p>\n<p><br class=\"spacer_\"><\/p>\n<p><br class=\"spacer_\"><\/p>\n<p><br class=\"spacer_\"><\/p>\n<p>Det er fullt mulig \u00e5 gj\u00f8re dette alene, men  det er utrolig mye enklere der\u00adsom noen hjelper deg med stram\u00admin\u00adgen! Bruk  mange stifter og stram alltid mot den for\u00adrige stiften du festet.<\/p>\n<p><br class=\"spacer_\"><\/p>\n<p><strong>Du M\u00e5 ha elek\u00adtrisk  eller trykkluftspistol!<\/strong><\/p>\n<p><strong><br>\n <\/strong><\/p>\n<p>Ikke v\u00e6r gniten p\u00e5 stiftene, det er menin\u00adgen  du skal bruke noen pakker p\u00e5 dette prosjektet!<\/p>\n<p><br class=\"spacer_\"><\/p>\n<p><br class=\"spacer_\"><\/p>\n<p><br class=\"spacer_\"><\/p>\n<p><br class=\"spacer_\"><\/p>\n<p>S\u00e5 kom\u00admer den spen\u00adnende \/ vanske\u00adlige biten.  Det er ikke det at innsi\u00add\u00aden av railen er vanske\u00adlig, men n\u00e5r du ikke har  gjort det f\u00f8r kan det v\u00e6re litt tricky. Spe\u00adsielt tricky er det siden jeg  har prestert \u00e5 ikke ha noen bilder av akku\u00adrat dette, s\u00e5 jeg fors\u00f8k\u00ader  meg p\u00e5 en teg\u00adn\u00ading <em>(klikk p\u00e5 bildet for \u00e5 se det i stort format)<\/em><\/p>\n<p><a rel=\"lightbox\" href=\"http:\/\/cikeyweb.com\/img\/s5_rail_skai_pizza_stor.jpg\"><img decoding=\"async\" class=\"alignleft\" style=\"margin-left: 5px; margin-right: 5px;\" src=\"http:\/\/cikeyweb.com\/img\/s5_rail_skai_pizza.jpg\" alt><\/a> De gr\u00f8nne strekene skal vi kutte  etter, det bl\u00e5 skraverte fel\u00adtet skal kuttes bort. Jeg bruk\u00adte ikke noe  m\u00e5l for \u00e5 finne ut hvor langt inn piz\u00adza\u00adstykkene skulle g\u00e5 men pr\u00f8vde meg  frem. <span class=\"caps\">OBS<\/span>: Kut\u00adter du for langt inn vil kut\u00adtet bli syn\u00adlig. Alle  piz\u00adza\u00adstykkene skal g\u00e5 ut fra samme sen\u00adter. Sen\u00adteret skal v\u00e6re p\u00e5 midten,  der hvor buen beg\u00adyn\u00adner. Kan\u00adskje litt vanske\u00adlig \u00e5 forst\u00e5, men stud\u00ader  bildene, s\u00e5 finner du ut av det. Pr\u00f8v deg frem, men som sagt, ikke kutt  for langt inn med en&nbsp;gang!<\/p>\n<p><br class=\"spacer_\"><\/p>\n<p><a rel=\"lightbox\" href=\"http:\/\/cikeyweb.com\/img\/images\/s5_rail_skai_stifte_bue_stor.jpg\"><img decoding=\"async\" class=\"alignleft\" style=\"margin-left: 5px; margin-right: 5px;\" src=\"http:\/\/cikeyweb.com\/img\/s5_rail_skai_stifte_bue.jpg\" alt><\/a>S\u00e5 bret\u00adter du over skaien, stram\u00admer  og stifter fast. Jeg beg\u00ady\u00adnte med buene, men siden skaien allerede er  stram er det mye det samme hvor du beg\u00adyn\u00adner. Igjen er det veldig gre\u00adit  med en medhjelper.<\/p>\n<p><br class=\"spacer_\"><\/p>\n<p><br class=\"spacer_\"><\/p>\n<p><br class=\"spacer_\"><\/p>\n<p><br class=\"spacer_\"><\/p>\n<p><br class=\"spacer_\"><\/p>\n<p><a rel=\"lightbox\" href=\"http:\/\/cikeyweb.com\/img\/s5_rail_skai_stifte_innside_trim_stor.jpg\"><img decoding=\"async\" class=\"alignleft\" style=\"margin-left: 5px; margin-right: 5px;\" src=\"http:\/\/cikeyweb.com\/img\/s5_rail_skai_stifte_innside_trim.jpg\" alt><\/a>N\u00e5r du er fer\u00addig trim\u00admer du av alt  som er til overs, og som f\u00f8r gjelder det \u00e5 <span class=\"caps\">IKKE<\/span> v\u00e6re gniten p\u00e5 stiftene!<\/p>\n<p><br class=\"spacer_\"><\/p>\n<p><br class=\"spacer_\"><\/p>\n<p><br class=\"spacer_\"><\/p>\n<p><br class=\"spacer_\"><\/p>\n<p><br class=\"spacer_\"><\/p>\n<p><br class=\"spacer_\"><\/p>\n<p><br class=\"spacer_\"><\/p>\n<p><br class=\"spacer_\"><\/p>\n<p style=\"text-align: center;\"><strong>Og da f\u00e5r vi ett stykk deilig flott  rail klar til&nbsp;bruk!<\/strong><\/p>\n<p style=\"text-align: center;\"><img decoding=\"async\" style=\"margin-left: 5px; margin-right: 5px;\" src=\"http:\/\/cikeyweb.com\/img\/s5_rail_ferdig.jpg\" alt><\/p>\n","protected":false},"excerpt":{"rendered":"\n\t\t\t\t<div class=\"mr_social_sharing_wrapper\">\n\t\t\t\t<!-- Social Sharing Toolkit v2.2 --><span class=\"mr_social_sharing\"><fb:share-button type=\"button\" href=\"https:\/\/cikeyweb.com\/?page_id=383\"><\/fb:share-button><\/span><span class=\"mr_social_sharing\"><a href=\"https:\/\/twitter.com\/share\" class=\"twitter-share-button\" data-count=\"none\" data-url=\"https:\/\/cikeyweb.com\/?page_id=383\" data-via=\"Cikey_\" data-text=\"05\"><\/a><\/span><span class=\"mr_social_sharing\"><div class=\"g-plusone\" data-size=\"medium\" data-annotation=\"none\" data-href=\"https:\/\/cikeyweb.com\/?page_id=383\"><\/div><\/span><span class=\"mr_social_sharing\"><a rel=\"nofollow\" class=\"linksalpha_button linksalpha_link\" href=\"\/\/www.linksalpha.com\/social\/mobile\" data-url=\"https:\/\/cikeyweb.com\/?page_id=383\" data-text=\"05\" data-desc=\"Pokerbordguide - Side 5 Rail (med padding) Lei av strekking og stifting? Senterstykket var bare oppvarmingen, n\u00e5 begynner den virkelige moroa! Railen skal trekkes med skum og skai. Jeg kj\u00f8pte skum og skai hos Zorba AS (\u00c5sane utenfor Bergen) De hadde ikke skum som var bredt nok (vi trenger ca 1.5m\" data-image data-button>\n\t\t\t\t\t<img decoding=\"async\" src=\"\/\/www.linksalpha.com\/images\/social_share_button.png\" alt=\"Share\" class=\"linksalpha_image\">\n\t\t\t\t\t<\/a><script type=\"text\/javascript\" src=\"\/\/www.linksalpha.com\/scripts\/loader_iconbox.js?v=2.4\"><\/script><\/span><\/div><p>Poker\u00adbor\u00addguide \u2014 Side&nbsp;5 Rail (med padding) Lei av strekking og stift\u00ading? Sen\u00adter\u00adstykket var bare opp\u00advarmin\u00adgen, n\u00e5 beg\u00adyn\u00adner den virke\u00adlige&nbsp;moroa! Railen skal trekkes med skum og skai. Jeg kj\u00f8pte skum og skai hos Zor\u00adba <span class=\"caps\">AS<\/span> (\u00c5sane uten\u00adfor Bergen) De hadde ikke skum som var bredt nok (vi trenger ca 1.5m bredt) s\u00e5 jeg m\u00e5tte kj\u00f8pe&nbsp;to&nbsp;[\u2026]<\/p>\n","protected":false},"author":1,"featured_media":0,"parent":45,"menu_order":0,"comment_status":"open","ping_status":"closed","template":"","meta":{"wp_typography_post_enhancements_disabled":false,"footnotes":""},"class_list":["post-383","page","type-page","status-publish","hentry"],"_links":{"self":[{"href":"https:\/\/cikeyweb.com\/index.php?rest_route=\/wp\/v2\/pages\/383","targetHints":{"allow":["GET"]}}],"collection":[{"href":"https:\/\/cikeyweb.com\/index.php?rest_route=\/wp\/v2\/pages"}],"about":[{"href":"https:\/\/cikeyweb.com\/index.php?rest_route=\/wp\/v2\/types\/page"}],"author":[{"embeddable":true,"href":"https:\/\/cikeyweb.com\/index.php?rest_route=\/wp\/v2\/users\/1"}],"replies":[{"embeddable":true,"href":"https:\/\/cikeyweb.com\/index.php?rest_route=%2Fwp%2Fv2%2Fcomments&post=383"}],"version-history":[{"count":11,"href":"https:\/\/cikeyweb.com\/index.php?rest_route=\/wp\/v2\/pages\/383\/revisions"}],"predecessor-version":[{"id":411,"href":"https:\/\/cikeyweb.com\/index.php?rest_route=\/wp\/v2\/pages\/383\/revisions\/411"}],"up":[{"embeddable":true,"href":"https:\/\/cikeyweb.com\/index.php?rest_route=\/wp\/v2\/pages\/45"}],"wp:attachment":[{"href":"https:\/\/cikeyweb.com\/index.php?rest_route=%2Fwp%2Fv2%2Fmedia&parent=383"}],"curies":[{"name":"wp","href":"https:\/\/api.w.org\/{rel}","templated":true}]}}