
{"id":35,"date":"2009-10-26T03:12:59","date_gmt":"2009-10-26T01:12:59","guid":{"rendered":"http:\/\/cikeyweb.com\/word\/?page_id=35"},"modified":"2010-07-07T23:55:21","modified_gmt":"2010-07-07T21:55:21","slug":"utstyr-2","status":"publish","type":"page","link":"https:\/\/cikeyweb.com\/?page_id=35","title":{"rendered":"Utstyr"},"content":{"rendered":"\n\t\t\t\t<div class=\"mr_social_sharing_wrapper\">\n\t\t\t\t<!-- Social Sharing Toolkit v2.2 --><span class=\"mr_social_sharing\"><fb:share-button type=\"button\" href=\"https:\/\/cikeyweb.com\/?page_id=35\"><\/fb:share-button><\/span><span class=\"mr_social_sharing\"><a href=\"https:\/\/twitter.com\/share\" class=\"twitter-share-button\" data-count=\"none\" data-url=\"https:\/\/cikeyweb.com\/?page_id=35\" data-via=\"Cikey_\" data-text=\"Utstyr\"><\/a><\/span><span class=\"mr_social_sharing\"><div class=\"g-plusone\" data-size=\"medium\" data-annotation=\"none\" data-href=\"https:\/\/cikeyweb.com\/?page_id=35\"><\/div><\/span><span class=\"mr_social_sharing\"><a rel=\"nofollow\" class=\"linksalpha_button linksalpha_link\" href=\"\/\/www.linksalpha.com\/social\/mobile\" data-url=\"https:\/\/cikeyweb.com\/?page_id=35\" data-text=\"Utstyr\" data-desc=\"Utstyr \u00c5 ha det rette utstyret er helt avgj\u00f8rende n\u00e5r du skal g\u00e5 i gang med \u00e5 bygge ditt eget pokjerbord. Noen ting er vanskelige \u00e5 f\u00e5 til uten det rette utstyret, andre ting er helt umulig \u00e5 gjennomf\u00f8re uten. Se gjennom listen p\u00e5 denne siden, er det noe du mangler s\u00e5 anbefaler jeg \u00e5\" data-image=\"http:\/\/cikeyweb.com\/img\/sag.jpg\" data-button>\n\t\t\t\t\t<img decoding=\"async\" src=\"\/\/www.linksalpha.com\/images\/social_share_button.png\" alt=\"Share\" class=\"linksalpha_image\">\n\t\t\t\t\t<\/a><script type=\"text\/javascript\" src=\"\/\/www.linksalpha.com\/scripts\/loader_iconbox.js?v=2.4\"><\/script><\/span><\/div><h3><img loading=\"lazy\" decoding=\"async\" class=\"alignleft size-full wp-image-39\" style=\"margin: 0px 3px;\" title=\"sag\" src=\"http:\/\/cikeyweb.com\/img\/sag.jpg\" alt=\"sag\" width=\"289\" height=\"227\">Utstyr<\/h3>\n<p>\u00c5 ha det rette utstyret er helt avgj\u00f8rende n\u00e5r du skal g\u00e5 i gang med \u00e5 bygge ditt eget pok\u00adjer\u00adbord. Noen ting er vanske\u00adlige \u00e5 f\u00e5 til uten det rette utstyret, andre ting er helt umulig \u00e5 gjen\u00adnom\u00adf\u00f8re&nbsp;uten.<\/p>\n<p>Se gjen\u00adnom lis\u00adten p\u00e5 denne siden, er det noe du man\u00adgler s\u00e5 anbe\u00adfaler jeg \u00e5 komme seg ut \u00e5 skaffe det med en gang. \u00c5 m\u00e5tte slutte \u00e5 arbei\u00adde n\u00e5r du f\u00f8rst har beg\u00ady\u00adnt for\u00addi du man\u00adgler stikksag eller drill, vel det er utrolig kjedelig!<\/p>\n<p><em><strong><br>\n<\/strong><\/em><\/p>\n<p><em><strong><br>\n<\/strong><\/em><\/p>\n<div>\n<h3>Hvilket utstyr trenger du?<\/h3>\n<p>Jeg skal fors\u00f8ke \u00e5 gj\u00f8re denne lis\u00adten s\u00e5 kom\u00adplett som mulig. Det kan hende jeg kom\u00admer p\u00e5 flere&nbsp;ting,<br>\nmen i s\u00e5 fall skal jeg opp\u00addatere lis\u00adten fortl\u00f8pende!<\/p>\n<p>* Stikksag <em>(du skal bruke denne en del, s\u00f8rg ogs\u00e5 for rik\u00adtige blader)<\/em><br>\n* Drill \/ Skru\u00admaskin <em>(samt borr i flere st\u00f8rrelser)<\/em><br>\n* Stiftepis\u00adtol, <em><strong>elek\u00adtrisk eller trykkluft<\/strong> (van\u00adlige manuelle stiftepis\u00adtol\u00ader er <span class=\"caps\">IKKE<\/span> gode&nbsp;nok!)<br>\n* <\/em>Meter \/ tommestokk<br>\n* Blyant <em>(rund, ikke de van\u00adlige flate man ofte bruk\u00ader i verkstedet)&nbsp;<\/em><br>\n* Kniv<em> (av typen veldig skarp, ikke van\u00adlige tollekniv\u00ader! Husk ogs\u00e5 ekstra blader)&nbsp;<\/em><br>\n* Vinkel <em>(ikke helt essen\u00adsiell, men noe jeg bruk\u00adte b\u00e5de titt og&nbsp;ofte)<\/em><br>\n* Pusse- \/ Slipepa\u00adpir <em>(veldig fint, til slip\u00ading av race\u00adtrack ved lakking)<\/em><br>\n\u2014 R\u00f8d\u00adsprit <em>(til vask\u00ading av race\u00adtrack ved lakking, omstridt hvorvidt du fak\u00adtisk trenger denne!)<\/em><br>\n* Malepensel <em>(til beis\u00ading og lakking av racetrack)<\/em><\/p>\n<p><em>I til\u00adlegg trenger du noe du kan bruke til \u00e5 teg\u00adne lange rette strek\u00ader med. Jeg bruk\u00adte en met\u00adallist jeg hadde liggende. Er alt\u00ads\u00e5 samme hva, bare det er langt og&nbsp;rett\u2026<\/em><\/p>\n<\/div>\n","protected":false},"excerpt":{"rendered":"\n\t\t\t\t<div class=\"mr_social_sharing_wrapper\">\n\t\t\t\t<!-- Social Sharing Toolkit v2.2 --><span class=\"mr_social_sharing\"><fb:share-button type=\"button\" href=\"https:\/\/cikeyweb.com\/?page_id=35\"><\/fb:share-button><\/span><span class=\"mr_social_sharing\"><a href=\"https:\/\/twitter.com\/share\" class=\"twitter-share-button\" data-count=\"none\" data-url=\"https:\/\/cikeyweb.com\/?page_id=35\" data-via=\"Cikey_\" data-text=\"Utstyr\"><\/a><\/span><span class=\"mr_social_sharing\"><div class=\"g-plusone\" data-size=\"medium\" data-annotation=\"none\" data-href=\"https:\/\/cikeyweb.com\/?page_id=35\"><\/div><\/span><span class=\"mr_social_sharing\"><a rel=\"nofollow\" class=\"linksalpha_button linksalpha_link\" href=\"\/\/www.linksalpha.com\/social\/mobile\" data-url=\"https:\/\/cikeyweb.com\/?page_id=35\" data-text=\"Utstyr\" data-desc=\"Utstyr \u00c5 ha det rette utstyret er helt avgj\u00f8rende n\u00e5r du skal g\u00e5 i gang med \u00e5 bygge ditt eget pokjerbord. Noen ting er vanskelige \u00e5 f\u00e5 til uten det rette utstyret, andre ting er helt umulig \u00e5 gjennomf\u00f8re uten. Se gjennom listen p\u00e5 denne siden, er det noe du mangler s\u00e5 anbefaler jeg \u00e5\" data-image data-button>\n\t\t\t\t\t<img decoding=\"async\" src=\"\/\/www.linksalpha.com\/images\/social_share_button.png\" alt=\"Share\" class=\"linksalpha_image\">\n\t\t\t\t\t<\/a><script type=\"text\/javascript\" src=\"\/\/www.linksalpha.com\/scripts\/loader_iconbox.js?v=2.4\"><\/script><\/span><\/div><p>Utstyr \u00c5 ha det rette utstyret er helt avgj\u00f8rende n\u00e5r du skal g\u00e5 i gang med \u00e5 bygge ditt eget pok\u00adjer\u00adbord. Noen ting er vanske\u00adlige \u00e5 f\u00e5 til uten det rette utstyret, andre ting er helt umulig \u00e5 gjen\u00adnom\u00adf\u00f8re&nbsp;uten. Se gjen\u00adnom lis\u00adten p\u00e5 denne siden, er det noe du man\u00adgler s\u00e5 anbe\u00adfaler jeg \u00e5&nbsp;komme&nbsp;[\u2026]<\/p>\n","protected":false},"author":1,"featured_media":0,"parent":20,"menu_order":2,"comment_status":"open","ping_status":"open","template":"","meta":{"wp_typography_post_enhancements_disabled":false,"footnotes":""},"class_list":["post-35","page","type-page","status-publish","hentry"],"_links":{"self":[{"href":"https:\/\/cikeyweb.com\/index.php?rest_route=\/wp\/v2\/pages\/35","targetHints":{"allow":["GET"]}}],"collection":[{"href":"https:\/\/cikeyweb.com\/index.php?rest_route=\/wp\/v2\/pages"}],"about":[{"href":"https:\/\/cikeyweb.com\/index.php?rest_route=\/wp\/v2\/types\/page"}],"author":[{"embeddable":true,"href":"https:\/\/cikeyweb.com\/index.php?rest_route=\/wp\/v2\/users\/1"}],"replies":[{"embeddable":true,"href":"https:\/\/cikeyweb.com\/index.php?rest_route=%2Fwp%2Fv2%2Fcomments&post=35"}],"version-history":[{"count":11,"href":"https:\/\/cikeyweb.com\/index.php?rest_route=\/wp\/v2\/pages\/35\/revisions"}],"predecessor-version":[{"id":333,"href":"https:\/\/cikeyweb.com\/index.php?rest_route=\/wp\/v2\/pages\/35\/revisions\/333"}],"up":[{"embeddable":true,"href":"https:\/\/cikeyweb.com\/index.php?rest_route=\/wp\/v2\/pages\/20"}],"wp:attachment":[{"href":"https:\/\/cikeyweb.com\/index.php?rest_route=%2Fwp%2Fv2%2Fmedia&parent=35"}],"curies":[{"name":"wp","href":"https:\/\/api.w.org\/{rel}","templated":true}]}}