
{"id":33,"date":"2009-10-26T03:12:28","date_gmt":"2009-10-26T01:12:28","guid":{"rendered":"http:\/\/cikeyweb.com\/word\/?page_id=33"},"modified":"2010-07-07T23:56:50","modified_gmt":"2010-07-07T21:56:50","slug":"utstyr","status":"publish","type":"page","link":"https:\/\/cikeyweb.com\/?page_id=33","title":{"rendered":"Materialer"},"content":{"rendered":"\n\t\t\t\t<div class=\"mr_social_sharing_wrapper\">\n\t\t\t\t<!-- Social Sharing Toolkit v2.2 --><span class=\"mr_social_sharing\"><fb:share-button type=\"button\" href=\"https:\/\/cikeyweb.com\/?page_id=33\"><\/fb:share-button><\/span><span class=\"mr_social_sharing\"><a href=\"https:\/\/twitter.com\/share\" class=\"twitter-share-button\" data-count=\"none\" data-url=\"https:\/\/cikeyweb.com\/?page_id=33\" data-via=\"Cikey_\" data-text=\"Materialer\"><\/a><\/span><span class=\"mr_social_sharing\"><div class=\"g-plusone\" data-size=\"medium\" data-annotation=\"none\" data-href=\"https:\/\/cikeyweb.com\/?page_id=33\"><\/div><\/span><span class=\"mr_social_sharing\"><a rel=\"nofollow\" class=\"linksalpha_button linksalpha_link\" href=\"\/\/www.linksalpha.com\/social\/mobile\" data-url=\"https:\/\/cikeyweb.com\/?page_id=33\" data-text=\"Materialer\" data-desc=\"Materialer N\u00e5r det kommer til materialet s\u00e5 er det sansynligvis mange meninger om hva som er best og hva som strengt tatt er n\u00f8dvendig. Jeg har ikke spart noe videre p\u00e5 materialene i mitt bord, men satset p\u00e5 kvalitet, og utseende. Men med det sagt, det er STORE prisforskjeller ute \u00e5 g\u00e5r,\" data-image=\"http:\/\/cikeyweb.com\/img\/utstyr.jpg\" data-button>\n\t\t\t\t\t<img decoding=\"async\" src=\"\/\/www.linksalpha.com\/images\/social_share_button.png\" alt=\"Share\" class=\"linksalpha_image\">\n\t\t\t\t\t<\/a><script type=\"text\/javascript\" src=\"\/\/www.linksalpha.com\/scripts\/loader_iconbox.js?v=2.4\"><\/script><\/span><\/div><h3><img loading=\"lazy\" decoding=\"async\" width=\"200\" height=\"267\" class=\"alignleft size-full wp-image-38\" style=\"margin-left: 5px; margin-right: 5px;\" title=\"utstyr\" src=\"http:\/\/cikeyweb.com\/img\/utstyr.jpg\" alt=\"utstyr\">Materialer<\/h3>\n<p>N\u00e5r det kom\u00admer til mate\u00adri\u00adalet s\u00e5 er det san\u00adsyn\u00adligvis mange meninger om hva som er best og hva som strengt tatt er n\u00f8d\u00advendig. Jeg har ikke spart noe videre p\u00e5 mate\u00adri\u00ada\u00adlene i mitt bord, men sat\u00adset p\u00e5 kvalitet, og utseende.<\/p>\n<p>Men med det sagt, det er <span class=\"caps\">STORE<\/span> pris\u00adforskjeller ute \u00e5 g\u00e5r, spe\u00adsielt p\u00e5 kryssfin\u00ader\u00adplater, s\u00e5 jeg anbe\u00adfaler p\u00e5 det varmeste \u00e5 sjekke pris\u00ader <em>f\u00f8r<\/em> du starter med innkj\u00f8pene.<\/p>\n<p>Under f\u00f8l\u00adger to lis\u00adter, en hvor mate\u00adri\u00ada\u00adlene du m\u00e5 ha f\u00f8l\u00adger, og en hvor jeg har lagt til mine leverand\u00f8r\u00ader og pris\u00ader <em>( i den grad jeg har dem tilgjengelig)&nbsp;<\/em><\/p>\n<div>\n<h3>Dette trenger du:<\/h3>\n<p>Dette er hva du trenger av mate\u00adri\u00adaler <em>(obs: utstyret er lis\u00adtet opp p\u00e5 en egen&nbsp;side!)&nbsp;<\/em><\/p>\n<p>* Kryssfin\u00ader\u00adplater 2 stk <em>(en av dem b\u00f8r v\u00e6re beste sortering)&nbsp;<\/em><br>\n* Skumplast til railen, ca 2cm tjukk <em>(kan godt bruke&nbsp;3cm)&nbsp;<\/em><br>\n* Skai til railen<br>\n* Under\u00adduk til spille\u00adflat\u00aden <em>( tynn skumplast, eller skikke\u00adlig underduk)<\/em><br>\n* Filt til spille\u00adflat\u00aden <em>(bom\u00admulls\u00adfl\u00f8yel, eller skikke\u00adlig&nbsp;filt)<\/em><br>\n* Ben <em>(alter\u00adna\u00adtivt kan du bruke bor\u00addet som en \u201ctable\u00adtop\u201d uten&nbsp;ben)&nbsp;<\/em><br>\n* Spraylim, skruer, tre\u00adlim, lakkbeis, lakk, og <em>mange<\/em> stifter<\/p>\n<\/div>\n<div>\n<h3>Min handleliste:<\/h3>\n<table border=\"0\" cellspacing=\"0\" cellpadding=\"0\" width=\"500\">\n<tbody>\n<tr style=\"text-align: left;\">\n<td width=\"266\"><em><strong>Mate\u00adri\u00adale<\/strong><\/em><\/td>\n<td width=\"146\"><em><strong>Leverand\u00f8r<\/strong><\/em><\/td>\n<td width=\"88\"><em><strong>Pris<\/strong><\/em><\/td>\n<\/tr>\n<tr>\n<td style=\"text-align: left;\" height=\"29\" valign=\"bottom\">Kryssfin\u00ader\u00adplate Furu (15mm)<\/td>\n<td style=\"text-align: left;\" valign=\"bottom\"><span class=\"caps\">OBS<\/span> Bygg<\/td>\n<td style=\"text-align: left;\" valign=\"bottom\">429,-<\/td>\n<\/tr>\n<tr>\n<td style=\"text-align: left;\">Kryssfin\u00ader\u00adplate Gran (15mm)<\/td>\n<td style=\"text-align: left;\">Bru\u00advik&nbsp;Bygg<\/td>\n<td style=\"text-align: left;\">360,-<\/td>\n<\/tr>\n<tr>\n<td style=\"text-align: left;\">Skjumplast til rail, (2cm) 5m x&nbsp;1m<\/td>\n<td style=\"text-align: left;\">Zor\u00adba&nbsp;<span class=\"caps\">AS<\/span><\/td>\n<td style=\"text-align: left;\">500,- (ca)<\/td>\n<\/tr>\n<tr>\n<td style=\"text-align: left;\">Skai til rail 150 cm x 300&nbsp;cm<\/td>\n<td style=\"text-align: left;\">Zor\u00adba&nbsp;<span class=\"caps\">AS<\/span><\/td>\n<td style=\"text-align: left;\">500,- (ca)<\/td>\n<\/tr>\n<tr>\n<td style=\"text-align: left;\">Under\u00adduk  133 cm x 200&nbsp;cm<\/td>\n<td style=\"text-align: left;\">Mag\u00adnus Andersson<\/td>\n<td style=\"text-align: left;\">222,- (<span class=\"caps\">SEK<\/span>)<\/td>\n<\/tr>\n<tr>\n<td style=\"text-align: left;\">Filt  124cm x&nbsp;200cm<\/td>\n<td style=\"text-align: left;\">Mag\u00adnus Andersson<\/td>\n<td style=\"text-align: left;\">400,- (<span class=\"caps\">SEK<\/span>)<\/td>\n<\/tr>\n<tr>\n<td style=\"text-align: left;\">Foldeben, <span class=\"caps\">VIKA<\/span>&nbsp;F\u00e3lle<\/td>\n<td style=\"text-align: left;\"><span class=\"caps\">IKEA<\/span><\/td>\n<td style=\"text-align: left;\">495,-<\/td>\n<\/tr>\n<tr>\n<td style=\"text-align: left;\">Spraylim, skruer, trelim<\/td>\n<td style=\"text-align: left;\">Clas Ohlson<\/td>\n<td style=\"text-align: left;\">250,- (ca)<\/td>\n<\/tr>\n<tr>\n<td style=\"text-align: left;\">Lakkbeis og lakk , stifter<\/td>\n<td style=\"text-align: left;\">Jer\u00adnia<\/td>\n<td style=\"text-align: left;\">300,- (ca)<\/td>\n<\/tr>\n<tr>\n<td style=\"text-align: left;\" height=\"33\" valign=\"bottom\"><strong><em>Totalt<\/em><\/strong><\/td>\n<td valign=\"bottom\"><\/td>\n<td style=\"text-align: left;\" valign=\"bottom\"><strong><em> 3456,-&nbsp;<\/em><\/strong><\/td>\n<\/tr>\n<\/tbody>\n<\/table>\n<p>* under\u00adduk og filt ble bestilt fra Sverige, prisene er oppgitt i svenske kr, men det kom ogs\u00e5 norsk toll p\u00e5 varene. Disse tal\u00adlene har jeg ikke for meg, og kursen skifter s\u00e5 ofte at jeg vel\u00adger \u00e5 opp\u00adgi tal\u00adlene i svenske kr Sm\u00e5tin\u00adgene tok jeg ikke vare p\u00e5 kvit\u00adterin\u00adgene for, s\u00e5 de prisene er oppgitt i ca priser.<\/p>\n<p><em><strong>Total\u00aden er der\u00adfor en omtrentlig sum.&nbsp;<\/strong><\/em><\/p>\n<\/div>\n","protected":false},"excerpt":{"rendered":"\n\t\t\t\t<div class=\"mr_social_sharing_wrapper\">\n\t\t\t\t<!-- Social Sharing Toolkit v2.2 --><span class=\"mr_social_sharing\"><fb:share-button type=\"button\" href=\"https:\/\/cikeyweb.com\/?page_id=33\"><\/fb:share-button><\/span><span class=\"mr_social_sharing\"><a href=\"https:\/\/twitter.com\/share\" class=\"twitter-share-button\" data-count=\"none\" data-url=\"https:\/\/cikeyweb.com\/?page_id=33\" data-via=\"Cikey_\" data-text=\"Materialer\"><\/a><\/span><span class=\"mr_social_sharing\"><div class=\"g-plusone\" data-size=\"medium\" data-annotation=\"none\" data-href=\"https:\/\/cikeyweb.com\/?page_id=33\"><\/div><\/span><span class=\"mr_social_sharing\"><a rel=\"nofollow\" class=\"linksalpha_button linksalpha_link\" href=\"\/\/www.linksalpha.com\/social\/mobile\" data-url=\"https:\/\/cikeyweb.com\/?page_id=33\" data-text=\"Materialer\" data-desc=\"Materialer N\u00e5r det kommer til materialet s\u00e5 er det sansynligvis mange meninger om hva som er best og hva som strengt tatt er n\u00f8dvendig. Jeg har ikke spart noe videre p\u00e5 materialene i mitt bord, men satset p\u00e5 kvalitet, og utseende. Men med det sagt, det er STORE prisforskjeller ute \u00e5 g\u00e5r,\" data-image data-button>\n\t\t\t\t\t<img decoding=\"async\" src=\"\/\/www.linksalpha.com\/images\/social_share_button.png\" alt=\"Share\" class=\"linksalpha_image\">\n\t\t\t\t\t<\/a><script type=\"text\/javascript\" src=\"\/\/www.linksalpha.com\/scripts\/loader_iconbox.js?v=2.4\"><\/script><\/span><\/div><p>Mate\u00adri\u00adaler N\u00e5r det kom\u00admer til mate\u00adri\u00adalet s\u00e5 er det san\u00adsyn\u00adligvis mange meninger om hva som er best og hva som strengt tatt er n\u00f8d\u00advendig. Jeg har ikke spart noe videre p\u00e5 mate\u00adri\u00ada\u00adlene i mitt bord, men sat\u00adset p\u00e5 kvalitet, og utseende. Men med det sagt, det er <span class=\"caps\">STORE<\/span> pris\u00adforskjeller ute \u00e5 g\u00e5r, spe\u00adsielt p\u00e5 kryssfinerplater,&nbsp;[\u2026]<\/p>\n","protected":false},"author":1,"featured_media":0,"parent":20,"menu_order":3,"comment_status":"open","ping_status":"open","template":"","meta":{"wp_typography_post_enhancements_disabled":false,"footnotes":""},"class_list":["post-33","page","type-page","status-publish","hentry"],"_links":{"self":[{"href":"https:\/\/cikeyweb.com\/index.php?rest_route=\/wp\/v2\/pages\/33","targetHints":{"allow":["GET"]}}],"collection":[{"href":"https:\/\/cikeyweb.com\/index.php?rest_route=\/wp\/v2\/pages"}],"about":[{"href":"https:\/\/cikeyweb.com\/index.php?rest_route=\/wp\/v2\/types\/page"}],"author":[{"embeddable":true,"href":"https:\/\/cikeyweb.com\/index.php?rest_route=\/wp\/v2\/users\/1"}],"replies":[{"embeddable":true,"href":"https:\/\/cikeyweb.com\/index.php?rest_route=%2Fwp%2Fv2%2Fcomments&post=33"}],"version-history":[{"count":11,"href":"https:\/\/cikeyweb.com\/index.php?rest_route=\/wp\/v2\/pages\/33\/revisions"}],"predecessor-version":[{"id":334,"href":"https:\/\/cikeyweb.com\/index.php?rest_route=\/wp\/v2\/pages\/33\/revisions\/334"}],"up":[{"embeddable":true,"href":"https:\/\/cikeyweb.com\/index.php?rest_route=\/wp\/v2\/pages\/20"}],"wp:attachment":[{"href":"https:\/\/cikeyweb.com\/index.php?rest_route=%2Fwp%2Fv2%2Fmedia&parent=33"}],"curies":[{"name":"wp","href":"https:\/\/api.w.org\/{rel}","templated":true}]}}