
{"id":20,"date":"2009-10-26T03:05:33","date_gmt":"2009-10-26T01:05:33","guid":{"rendered":"http:\/\/cikeyweb.com\/word\/?page_id=20"},"modified":"2012-04-27T20:12:57","modified_gmt":"2012-04-27T18:12:57","slug":"poker-table","status":"publish","type":"page","link":"https:\/\/cikeyweb.com\/","title":{"rendered":"Pokerbordet"},"content":{"rendered":"\n\t\t\t\t<div class=\"mr_social_sharing_wrapper\">\n\t\t\t\t<!-- Social Sharing Toolkit v2.2 --><span class=\"mr_social_sharing\"><fb:share-button type=\"button\" href=\"https:\/\/cikeyweb.com\/\"><\/fb:share-button><\/span><span class=\"mr_social_sharing\"><a href=\"https:\/\/twitter.com\/share\" class=\"twitter-share-button\" data-count=\"none\" data-url=\"https:\/\/cikeyweb.com\/\" data-via=\"Cikey_\" data-text=\"Pokerbordet\"><\/a><\/span><span class=\"mr_social_sharing\"><div class=\"g-plusone\" data-size=\"medium\" data-annotation=\"none\" data-href=\"https:\/\/cikeyweb.com\/\"><\/div><\/span><span class=\"mr_social_sharing\"><a rel=\"nofollow\" class=\"linksalpha_button linksalpha_link\" href=\"\/\/www.linksalpha.com\/social\/mobile\" data-url=\"https:\/\/cikeyweb.com\/\" data-text=\"Pokerbordet\" data-desc=\"Bygge Pokerbord \u00c5 bygge sitt eget pokerbord er en fantastisk opplevelse. F\u00f8lelsen av \u00e5 spille p\u00e5 et bord du har lagt ned svette blod og t\u00e5rer i er i seg selv grunn god nok til \u00e5 starte sitt eget prosjekt., om s\u00e5 ikke skulle v\u00e6re tilfellet, s\u00e5 er i alle fall tanken p\u00e5 \u00e5 imponere gutta\" data-image=\"http:\/\/cikeyweb.com\/wp-content\/uploads\/2009\/10\/index_bord_01.jpg\" data-button>\n\t\t\t\t\t<img decoding=\"async\" src=\"\/\/www.linksalpha.com\/images\/social_share_button.png\" alt=\"Share\" class=\"linksalpha_image\">\n\t\t\t\t\t<\/a><script type=\"text\/javascript\" src=\"\/\/www.linksalpha.com\/scripts\/loader_iconbox.js?v=2.4\"><\/script><\/span><\/div><p><a href=\"http:\/\/cikeyweb.com\/?attachment_id=322\" rel=\"attachment wp-att-322\"><img loading=\"lazy\" decoding=\"async\" class=\"alignleft size-full wp-image-322\" style=\"margin-right: 5px; margin-left: 5px; margin-top: 20px; margin-bottom: 20px;\" title=\"Pokerbordet\" src=\"http:\/\/cikeyweb.com\/wp-content\/uploads\/2009\/10\/index_bord_01.jpg\" alt width=\"180\" height=\"240\"><\/a><\/p>\n<h3>Bygge Pokerbord<\/h3>\n<p>\u00c5 bygge sitt eget poker\u00adbord er en fan\u00adtastisk opplevelse. F\u00f8lelsen av \u00e5 spille p\u00e5 et bord du har lagt ned svette blod og t\u00e5r\u00ader i er i seg selv grunn god nok til \u00e5 starte sitt eget pros\u00adjekt., om s\u00e5 ikke skulle v\u00e6re til\u00adfel\u00adlet, s\u00e5 er i alle fall tanken p\u00e5 \u00e5 imponere gut\u00adta inspi\u00adrasjon s\u00e5 det holder.<\/p>\n<p>Hvem som kan bygge poker\u00adbord? Alle! Under\u00adteg\u00adnede er ikke spe\u00adsielt begavet hva snekkeryr\u00adket ang\u00e5r, og mine med\u00adhjelpere p\u00e5 pros\u00adjek\u00adtet kan neppe kunne kalles ekspert\u00ader. Men med det sagt, du b\u00f8r ikke v\u00e6re helt vekke heller. Du m\u00e5 vite hva en stikksag er, og ha en grunn\u00adleggende forst\u00e5else av hvor\u00addan en meter\u00adstokk brukes.<\/p>\n<div>\n<h3>Mitt pokerbord<\/h3>\n<p>S\u00e5 hvor\u00addan har det seg at jeg kom til \u00e5 bygge poker\u00adbord? Vel, det hele beg\u00ady\u00adnte vel som\u00admeren 2005. Jeg hadde spillt pok\u00ader i noen \u00e5r, spe\u00adsielt p\u00e5 gym\u00adnaset, men det siste \u00e5ret roet pok\u00ader\u00aden\u00adtu\u00adsi\u00adas\u00admen seg veldig. Men s\u00e5 en dag kom jeg i skade for \u00e5 kj\u00f8pe meg noen sje\u00adtonger p\u00e5 eBay, og da var det gjort. Faste pok\u00aderkvelder i heimen ble snart etablert, og behovet for et mer skikke\u00adlig bord en det van\u00adlige stue\u00adbor\u00addet meldte seg raskt. En table\u00adtop ble kj\u00f8pt, uten at jeg kunne f\u00f8le meg til\u00adfred\u00adstilt med&nbsp;det.<\/p>\n<p>Men inne p\u00e5 Den Norske Pok\u00ader\u00adsi\u00adden ram\u00adlet jeg over noen bilder av hjem\u00adme\u00adbyggede bord, og jeg var en for\u00adt\u00adapt mann\u2026 Jeg bestemte meg med en gang om at et slikt bord <span class=\"caps\">SKULLE<\/span> jeg ha, og gikk i gang med \u00e5 finne teg\u00adninger \/ plan\u00ader og leverand\u00f8r\u00ader. Over\u00adsikt over hvor jeg kj\u00f8pte mate\u00adri\u00adalet og hvor mye det kostet kan du se p\u00e5 <a href=\"http:\/\/pokersiden.cikeyweb.com\/index.php?page=pokerbordet_materialer\" target=\"_self\">denne<\/a> siden.<\/p>\n<p>Det tok meg rik\u00adtig\u00adnok nesten et halvt \u00e5r \u00e5 sette planene ut i livet, noe som i hov\u00aded\u00adsak skyldes usikker \u00f8kono\u00admi (h\u00f8rte jeg noen si stu\u00addent?). Det er nem\u00adlig en viss invis\u00adter\u00ading \u00e5 bygge et slikt bord, mitt bud\u00adsjett var p\u00e5 3000,- men som jeg har nevnt p\u00e5 mate\u00adri\u00adalover\u00adsik\u00adten er det nok mulig \u00e5 bygge bor\u00addet bill\u00adgere enn det jeg gjorde. Et godt r\u00e5d er i alle fall \u00e5 plan\u00adlegge alt f\u00f8r du g\u00e5r til innkj\u00f8p, slik at du ikke f\u00e5r deg noen ube\u00adhagelige overaskelser\u2026<\/p>\n<\/div>\n<div>\n<p><strong>Min inspi\u00adrasjon<\/strong><\/p>\n<p><strong><\/strong>Jeg m\u00e5 gi all \u00e6re til<em><strong> Gowzerpoker.com<\/strong><\/em> som var min inspi\u00adrasjon og lev\u00aderte guiden jeg bruk\u00adte til \u00e5 bygge mitt bord. Han har dessverre m\u00e5tte stenge ned siden sin grun\u00adnet h\u00f8ye utgifter, men om du \u00f8nsker orig\u00adi\u00adna\u00adlene bak min metode er han man\u00adnen \u00e5 snakke med. Jeg har gjort min\u00addre endringer i forhold til hans plan\u00ader, da jeg gjorde noen ting&nbsp;annerledes, men i hov\u00adedtrekk er det samme metode.<\/p>\n<p><em><strong>Gowzerpoker.com er stengt ned, men min Guide finner du her:<\/strong><\/em>&nbsp;<a href=\"http:\/\/cikeyweb.com\/?page_id=45\"><span class=\"caps\">POKERBORD<\/span> <span class=\"caps\">GUIDE<\/span><\/a><\/p>\n<\/div>\n","protected":false},"excerpt":{"rendered":"\n\t\t\t\t<div class=\"mr_social_sharing_wrapper\">\n\t\t\t\t<!-- Social Sharing Toolkit v2.2 --><span class=\"mr_social_sharing\"><fb:share-button type=\"button\" href=\"https:\/\/cikeyweb.com\/\"><\/fb:share-button><\/span><span class=\"mr_social_sharing\"><a href=\"https:\/\/twitter.com\/share\" class=\"twitter-share-button\" data-count=\"none\" data-url=\"https:\/\/cikeyweb.com\/\" data-via=\"Cikey_\" data-text=\"Pokerbordet\"><\/a><\/span><span class=\"mr_social_sharing\"><div class=\"g-plusone\" data-size=\"medium\" data-annotation=\"none\" data-href=\"https:\/\/cikeyweb.com\/\"><\/div><\/span><span class=\"mr_social_sharing\"><a rel=\"nofollow\" class=\"linksalpha_button linksalpha_link\" href=\"\/\/www.linksalpha.com\/social\/mobile\" data-url=\"https:\/\/cikeyweb.com\/\" data-text=\"Pokerbordet\" data-desc=\"Bygge Pokerbord \u00c5 bygge sitt eget pokerbord er en fantastisk opplevelse. F\u00f8lelsen av \u00e5 spille p\u00e5 et bord du har lagt ned svette blod og t\u00e5rer i er i seg selv grunn god nok til \u00e5 starte sitt eget prosjekt., om s\u00e5 ikke skulle v\u00e6re tilfellet, s\u00e5 er i alle fall tanken p\u00e5 \u00e5 imponere gutta\" data-image data-button>\n\t\t\t\t\t<img decoding=\"async\" src=\"\/\/www.linksalpha.com\/images\/social_share_button.png\" alt=\"Share\" class=\"linksalpha_image\">\n\t\t\t\t\t<\/a><script type=\"text\/javascript\" src=\"\/\/www.linksalpha.com\/scripts\/loader_iconbox.js?v=2.4\"><\/script><\/span><\/div><p>Bygge Poker\u00adbord \u00c5 bygge sitt eget poker\u00adbord er en fan\u00adtastisk opplevelse. F\u00f8lelsen av \u00e5 spille p\u00e5 et bord du har lagt ned svette blod og t\u00e5r\u00ader i er i seg selv grunn god nok til \u00e5 starte sitt eget pros\u00adjekt., om s\u00e5 ikke skulle v\u00e6re til\u00adfel\u00adlet, s\u00e5 er i alle fall tanken p\u00e5 \u00e5 imponere&nbsp;[\u2026]<\/p>\n","protected":false},"author":1,"featured_media":0,"parent":0,"menu_order":2,"comment_status":"open","ping_status":"open","template":"","meta":{"wp_typography_post_enhancements_disabled":false,"footnotes":""},"class_list":["post-20","page","type-page","status-publish","hentry"],"_links":{"self":[{"href":"https:\/\/cikeyweb.com\/index.php?rest_route=\/wp\/v2\/pages\/20","targetHints":{"allow":["GET"]}}],"collection":[{"href":"https:\/\/cikeyweb.com\/index.php?rest_route=\/wp\/v2\/pages"}],"about":[{"href":"https:\/\/cikeyweb.com\/index.php?rest_route=\/wp\/v2\/types\/page"}],"author":[{"embeddable":true,"href":"https:\/\/cikeyweb.com\/index.php?rest_route=\/wp\/v2\/users\/1"}],"replies":[{"embeddable":true,"href":"https:\/\/cikeyweb.com\/index.php?rest_route=%2Fwp%2Fv2%2Fcomments&post=20"}],"version-history":[{"count":23,"href":"https:\/\/cikeyweb.com\/index.php?rest_route=\/wp\/v2\/pages\/20\/revisions"}],"predecessor-version":[{"id":444,"href":"https:\/\/cikeyweb.com\/index.php?rest_route=\/wp\/v2\/pages\/20\/revisions\/444"}],"wp:attachment":[{"href":"https:\/\/cikeyweb.com\/index.php?rest_route=%2Fwp%2Fv2%2Fmedia&parent=20"}],"curies":[{"name":"wp","href":"https:\/\/api.w.org\/{rel}","templated":true}]}}