
{"id":8,"date":"2009-10-24T20:49:17","date_gmt":"2009-10-24T18:49:17","guid":{"rendered":"http:\/\/cikeyweb.com\/word\/?page_id=8"},"modified":"2015-09-16T23:08:36","modified_gmt":"2015-09-16T21:08:36","slug":"arcade","status":"publish","type":"page","link":"http:\/\/cikeyweb.com\/?page_id=8","title":{"rendered":"Arkaden"},"content":{"rendered":"\n\t\t\t\t<div class=\"mr_social_sharing_wrapper\">\n\t\t\t\t<!-- Social Sharing Toolkit v2.2 --><span class=\"mr_social_sharing\"><fb:share-button type=\"button\" href=\"http:\/\/cikeyweb.com\/?page_id=8\"><\/fb:share-button><\/span><span class=\"mr_social_sharing\"><a href=\"https:\/\/twitter.com\/share\" class=\"twitter-share-button\" data-count=\"none\" data-url=\"http:\/\/cikeyweb.com\/?page_id=8\" data-via=\"Cikey_\" data-text=\"Arkaden\"><\/a><\/span><span class=\"mr_social_sharing\"><div class=\"g-plusone\" data-size=\"medium\" data-annotation=\"none\" data-href=\"http:\/\/cikeyweb.com\/?page_id=8\"><\/div><\/span><span class=\"mr_social_sharing\"><a rel=\"nofollow\" class=\"linksalpha_button linksalpha_link\" href=\"\/\/www.linksalpha.com\/social\/mobile\" data-url=\"http:\/\/cikeyweb.com\/?page_id=8\" data-text=\"Arkaden\" data-desc=\"Arcademaskinen min er mitt andre byggeprosjekt og jeg er MEGET forn\u00f8yd med resultatet. Jeg bygget den med tanke p\u00e5 tradisjonelle arcadespill, men takket v\u00e6re den fleksible kontrolleren og den glimmrende frontenden har jeg ogs\u00e5 installert emulatorer for Nintendo, Super Nintendo, Nintendo64, Sega\" data-image=\"http:\/\/cikeyweb.com\/img\/arcade_front_2.jpg\" data-button>\n\t\t\t\t\t<img decoding=\"async\" src=\"\/\/www.linksalpha.com\/images\/social_share_button.png\" alt=\"Share\" class=\"linksalpha_image\">\n\t\t\t\t\t<\/a><script type=\"text\/javascript\" src=\"\/\/www.linksalpha.com\/scripts\/loader_iconbox.js?v=2.4\"><\/script><\/span><\/div><div>\n<p style=\"text-align: center;\"><img loading=\"lazy\" decoding=\"async\" class=\"alignnone\" style=\"border: 1px solid black; margin-left: 5px; margin-right: 5px;\" src=\"http:\/\/cikeyweb.com\/img\/arcade_front_2.jpg\" alt width=\"413\" height=\"550\" align=\"absmiddle\"><\/p>\n<\/div>\n<p>Arcad\u00ade\u00admask\u00adi\u00adnen min er mitt andre bygge\u00adpros\u00adjekt og jeg er <span class=\"caps\">MEGET<\/span> forn\u00f8yd med resul\u00adtatet. Jeg bygget den med tanke p\u00e5 tradis\u00adjonelle arcade\u00adspill, men takket v\u00e6re den flek\u00adsi\u00adble kon\u00adtrolleren og den glimm\u00adrende fron\u00adtenden har jeg ogs\u00e5 installert emu\u00adla\u00adtor\u00ader for Nin\u00adten\u00addo, Super Nin\u00adten\u00addo, Nintendo64, Sega Mas\u00adter Sys\u00adtem og Playsta\u00adtion. Totalt dri\u00adver arca\u00adden 4372 spill fordelt p\u00e5 de overnevnte systemene<\/p>\n<p>Jeg bruk\u00adte ikke mer enn 1500 kr p\u00e5 \u00e5 bygge den, men det var for\u00addi jeg hadde nesten alt av mate\u00adri\u00adale fra f\u00f8r av. Det eneste jeg m\u00e5tte kj\u00f8pe inn var kon\u00adtrolleren og mal\u00ading. Alt av plater stjal jeg fra min far, og hard\u00adwaren hadde jeg liggende. Den kj\u00f8r\u00ader en sliten Pentium2, 512 ram og et skjermko\u00adrt med <span class=\"caps\">128MB<\/span> (husker ikke mer\u00adket i farten). Av soft\u00adware har bok\u00adsen f\u00f8l\u00adgende \u00e5 by&nbsp;p\u00e5:<\/p>\n<table border=\"0\" width=\"570\" align=\"center\">\n<tbody>\n<tr>\n<td valign=\"top\" width=\"106\">Sys\u00adtem<strong>Mame32<br>\nGameEx<\/strong><br>\n<strong>Win\u00addows<\/strong><span class=\"caps\">XP<\/span><\/td>\n<td valign=\"top\" width=\"254\">Emu\u00adla\u00adtor\u00ader<strong> Nestopia <\/strong><em>(Nin\u00adden\u00adto&nbsp;<span class=\"caps\">NES<\/span>)<\/em><br>\n<strong>Zsnes <\/strong><em>(SuperN\u00adin\u00adten\u00addo&nbsp;<span class=\"caps\">SNES<\/span>)<\/em><br>\n<strong>ePSXe <\/strong><em>(Playsta\u00adtion 1<span class=\"amp\">&amp;<\/span>2)<\/em><br>\n<strong>Project 64 <\/strong><em>(Nintendo64)<\/em><br>\n<strong>Fusion<\/strong> <em>(Sega Mas\u00adter Sys\u00adtem&nbsp;<span class=\"caps\">II<\/span>)<\/em><\/td>\n<td valign=\"top\" width=\"206\"><strong>Antall Spill<\/strong><strong><span class=\"caps\">NES<\/span><\/strong> <em>(2176)<\/em><br>\n<strong><span class=\"caps\">SNES<\/span><\/strong> <em>(1009)<\/em><br>\n<strong>Playsta\u00adtion<\/strong> <em>(50)<\/em><br>\n<strong><span class=\"caps\">N64<\/span><\/strong> <em>( 291)<\/em><br>\n<strong><span class=\"caps\">SMS<\/span> <span class=\"caps\">II<\/span><\/strong> <em>(417)<\/em><br>\n<strong>Arcade <\/strong><em>(429)<\/em><\/td>\n<\/tr>\n<\/tbody>\n<\/table>\n<p>Arcade\u00adspil\u00adlene styres med arcadekon\u00adtrol\u00adlene (<a href=\"http:\/\/www.x-arcade.com\/tankstick-arcade-game.shtml\" target=\"_blank\">X\u2011Arcade Tank\u00adstick<\/a>) og alle emu\u00adla\u00adtorene spilles med originalkontrollere(!)<\/p>\n<p>Det er ikke veldig vanske\u00adlig \u00e5 bygge en slik arcad\u00ade\u00admaskin, men denne har jeg laget helt selv, alt\u00ads\u00e5 uten noen guider noe som f\u00f8rte til litt mer pr\u00f8v\u00ading og feil\u00ading (spe\u00adsielt feil\u00ading) enn n\u00e5r jeg bygget poker\u00adbor\u00addet. Jeg g\u00e5r med plan\u00ader om \u00e5 bygge en ny da jeg etter \u00e5 ha brukt mask\u00adi\u00adnen en stund har fun\u00adnet en del l\u00f8s\u00adninger som vil fun\u00adgere bedre. Mye&nbsp;moro!<\/p>\n<p>Sp\u00f8rsm\u00e5l eller feed\u00adback p\u00e5 arcad\u00ade\u00admask\u00adi\u00adnen kan sendes via <a href=\"http:\/\/cikeyweb.com\/?page_id=431\" target=\"_blank\">kon\u00adtak\u00adt\u00adskje\u00adma<\/a> her p\u00e5&nbsp;siden!<\/p>\n<p><strong>Kabi\u00adnet\u00adtet<\/strong>\u2026<br>\n\u2026er bygget i kryssfin\u00ader, men mulighet for \u00e5 demon\u00adtere front og topp. Kabi\u00adnet\u00adtet er sol\u00adid, robust og tungt. Det er malt med svart ben\u00adgalakk, har opplyst skilt <em>(neonlys)<\/em> og en lysstripe langs kan\u00adten.<em> (denne kan tas av om \u00f8nske\u00adlig)<\/em>. P\u00e5 siden av kabi\u00adnet\u00adtet er det laget oppheng for tas\u00adtatur, som kan tas av om \u00f8nske\u00adlig (det vil da v\u00e6re syn\u00adlig et lite&nbsp;hull).<\/p>\n<p>Mask\u00adi\u00adnen sl\u00e5s p\u00e5 med en bry\u00adter p\u00e5 utsi\u00adden. Det er en egen str\u00f8m\u00adforsyn\u00ading <em>(med tilh\u00f8rende bry\u00adter)<\/em> for lysene, og indi\u00advidu\u00adelle bry\u00adtere p\u00e5 lysene.<\/p>\n<table border=\"0\" width=\"200\" cellspacing=\"2\" cellpadding=\"2\">\n<tbody>\n<tr>\n<td><a href=\"http:\/\/cikeyweb.com\/images\/arcade_salg\/innmat.jpg\" target=\"_blank\" rel=\"lightbox\"><img loading=\"lazy\" decoding=\"async\" src=\"http:\/\/cikeyweb.com\/images\/arcade_salg\/innmat_liten.jpg\" alt=\"klikk for st\u00f8rre bilde\" width=\"250\" height=\"200\"><\/a><\/td>\n<td><a href=\"http:\/\/cikeyweb.com\/images\/arcade_salg\/topp.jpg\" target=\"_blank\" rel=\"lightbox\"><img loading=\"lazy\" decoding=\"async\" src=\"http:\/\/cikeyweb.com\/images\/arcade_salg\/topp_liten.jpg\" alt=\"klikk for st\u00f8rre bilde\" width=\"250\" height=\"200\"><\/a><\/td>\n<\/tr>\n<tr>\n<td><a href=\"http:\/\/cikeyweb.com\/images\/arcade_salg\/uten_front.jpg\" target=\"_blank\" rel=\"lightbox\"><img loading=\"lazy\" decoding=\"async\" src=\"http:\/\/cikeyweb.com\/images\/arcade_salg\/uten_front_liten.jpg\" alt=\"klikk for st\u00f8rre bilde\" width=\"250\" height=\"200\"><\/a><\/td>\n<td><a href=\"http:\/\/cikeyweb.com\/images\/arcade_salg\/knapper.jpg\" target=\"_blank\" rel=\"lightbox\"><img loading=\"lazy\" decoding=\"async\" src=\"http:\/\/cikeyweb.com\/images\/arcade_salg\/knapper_liten.jpg\" alt=\"klikk for st\u00f8rre bilde\" width=\"250\" height=\"200\"><\/a><\/td>\n<\/tr>\n<\/tbody>\n<\/table>\n<hr>\n<p>Mask\u00adi\u00adnen\u2026<br>\n\u2026dri\u00adves av en Pentium2 har <span class=\"caps\">512MB<\/span> ram og et skjermko\u00adrt med <span class=\"caps\">128MB<\/span>. Sys\u00adtemet er alt\u00ads\u00e5 ikke av det nyeste, men mer enn nok til \u00e5 dri\u00adve f\u00f8l\u00adgende systemer:<\/p>\n<p>&nbsp;<\/p>\n<div>\n<table border=\"0\" width=\"570\" align=\"left\">\n<tbody>\n<tr>\n<td valign=\"top\" width=\"106\">Sys\u00adtem<strong>Mame32<br>\nGameEx<\/strong><br>\n<strong>Win\u00addows<\/strong><span class=\"caps\">XP<\/span><\/td>\n<td valign=\"top\" width=\"254\">Emu\u00adla\u00adtor\u00ader<strong> Nestopia <\/strong><em>(Nin\u00adden\u00adto&nbsp;<span class=\"caps\">NES<\/span>)<\/em><br>\n<strong>Zsnes <\/strong><em>(SuperN\u00adin\u00adten\u00addo&nbsp;<span class=\"caps\">SNES<\/span>)<\/em><br>\n<strong>ePSXe <\/strong><em>(Playsta\u00adtion 1<span class=\"amp\">&amp;<\/span>2)<\/em><br>\n<strong>Project 64 <\/strong><em>(Nintendo64)<\/em><br>\n<strong>Fusion<\/strong> <em>(Sega Mas\u00adter Sys\u00adtem&nbsp;<span class=\"caps\">II<\/span>)<\/em><\/td>\n<td valign=\"top\" width=\"206\"><strong>Antall Spill<\/strong><strong><span class=\"caps\">NES<\/span><\/strong> <em>(2176)<\/em><br>\n<strong><span class=\"caps\">SNES<\/span><\/strong> <em>(1009)<\/em><br>\n<strong>Playsta\u00adtion<\/strong> <em>(50)<\/em><br>\n<strong><span class=\"caps\">N64<\/span><\/strong> <em>( 291)<\/em><br>\n<strong><span class=\"caps\">SMS<\/span> <span class=\"caps\">II<\/span><\/strong> <em>(417)<\/em><br>\n<strong>Arcade <\/strong><em>(429)<\/em><\/td>\n<\/tr>\n<\/tbody>\n<\/table>\n<\/div>\n<p><strong><br>\n<\/strong><\/p>\n<table border=\"0\" width=\"200\" cellspacing=\"2\" cellpadding=\"2\">\n<tbody>\n<tr>\n<td><a href=\"http:\/\/www.cikeyweb.com\/images\/arcade_salg\/emulatorskjerm.jpg\" target=\"_blank\" rel=\"lightbox\"><img loading=\"lazy\" decoding=\"async\" src=\"http:\/\/cikeyweb.com\/images\/arcade_salg\/emulatorskjerm_liten.jpg\" alt=\"Pentium2, 512 ram og et skjermkort med 128MB (husker ikke merket i farten). Av software har boksen f\u00f8lgende \u00e5 by p\u00e5:\" width=\"225\" height=\"150\"><\/a><\/td>\n<td><a href=\"http:\/\/cikeyweb.com\/images\/arcade_salg\/emulatorskjerm_2.jpg\" target=\"_blank\" rel=\"lightbox\"><img loading=\"lazy\" decoding=\"async\" src=\"http:\/\/cikeyweb.com\/images\/arcade_salg\/emulatorskjerm_2_liten.jpg\" alt=\"Pentium2, 512 ram og et skjermkort med 128MB (husker ikke merket i farten). Av software har boksen f\u00f8lgende \u00e5 by p\u00e5:\" width=\"225\" height=\"150\"><\/a><\/td>\n<\/tr>\n<\/tbody>\n<\/table>\n<hr>\n<p><strong>Kon\u00adtrollen<\/strong>\u2026<br>\n\u2026er den sv\u00e6rt s\u00e5 robuste \u201cTank\u00adstick\u201d fra X\u2011Arcade. Den kan lagre fire ulike forh\u00e5nd\u00adspro\u00adgrameringer (hvo\u00adrav en lig\u00adger inne fast) slik at den kan brukes til \u00e5 styre alle spil\u00adlene p\u00e5 mask\u00adi\u00adnen. Det betyr at du kan spille alle de ulike emu\u00adla\u00adtorene med denne ene kon\u00adtrollen. Den kan med sv\u00e6rt enkle grep tas av mask\u00adi\u00adnen og brukes l\u00f8st. Om \u00f8nske\u00adlig kan man kj\u00f8pe over\u00adganger slik at den kan brukes rett p\u00e5 din orig\u00adi\u00adnale x\u2011box \/ playsta\u00adtion! Se <a href=\"http:\/\/www.x-arcade.com\/tankstick-arcade-game.shtml\" target=\"_blank\">X\u2011Arcades egne web\u00adsider<\/a> for detal\u00adjer!<em> (<span class=\"caps\">NB<\/span>: Samme kon\u00adtroll, men en tidligere ver\u00adsjon uten scrollehjul)<\/em><\/p>\n<p>&nbsp;<\/p>\n<table border=\"0\" width=\"200\" cellspacing=\"2\" cellpadding=\"2\">\n<tbody>\n<tr>\n<td><a href=\"http:\/\/cikeyweb.com\/images\/arcade_salg\/tankstick.jpg\" target=\"_blank\" rel=\"lightbox\"><img loading=\"lazy\" decoding=\"async\" src=\"http:\/\/cikeyweb.com\/images\/arcade_salg\/tankstick_liten.jpg\" alt=\"klikk for st\u00f8rre bilde\" width=\"250\" height=\"200\"><\/a><\/td>\n<td><a href=\"http:\/\/cikeyweb.com\/images\/arcade_salg\/tankstick_los.jpg\" target=\"_blank\" rel=\"lightbox\"><img loading=\"lazy\" decoding=\"async\" src=\"http:\/\/cikeyweb.com\/images\/arcade_salg\/tankstick_los_liten.jpg\" alt=\"klikk for st\u00f8rre bilde\" width=\"250\" height=\"200\"><\/a><\/td>\n<\/tr>\n<\/tbody>\n<\/table>\n<hr>\n<p><strong>Ekstra kon\u00adtroller\u00adpakke<\/strong>!<br>\nFor den ulti\u00admate retro opplevelsen har jeg laget en ekstra pakke med orig\u00adi\u00adnale kon\u00adtrollere som kan brukes sam\u00admen med Arcad\u00ade\u00admask\u00adi\u00adnen. Jeg har laget til to <span class=\"caps\">USB<\/span> porter ved siden av de innebyggede kon\u00adtrol\u00adlene slik at man enkelt kan koble til rik\u00adtig kon\u00adtroll til den emu\u00adla\u00adtoren man velger!<\/p>\n<p>&nbsp;<\/p>\n<p>Pakken innehold\u00ader f\u00f8l\u00adgende kontrollere:<br>\n2 stk <span class=\"caps\">ORIGINALE<\/span> <span class=\"caps\">SNES<\/span> kon\u00adtrollere <em>(kon\u00advert\u00adert til&nbsp;<span class=\"caps\">USB<\/span>)<\/em><br>\n2 stk <span class=\"caps\">ORIGINALE<\/span> <span class=\"caps\">NES<\/span> kon\u00adtrollere <em>(kon\u00advert\u00adert til&nbsp;<span class=\"caps\">USB<\/span>)<\/em><br>\n2 stk <span class=\"caps\">ORIGINALE<\/span> Sega Mas\u00adter Sys\u00adtem <span class=\"caps\">II<\/span> kon\u00adtroller <em>(kon\u00advert\u00ader til&nbsp;<span class=\"caps\">USB<\/span>)<\/em><\/p>\n<p>2 stk Playsta\u00adtion 2 kon\u00adtrollere <em>(med over\u00adgang til&nbsp;<span class=\"caps\">USB<\/span>)<\/em><br>\n1 stk Nin\u00adten\u00addo 64 kon\u00adtrollere <em>(med over\u00adgang til&nbsp;<span class=\"caps\">USB<\/span>)<\/em><\/p>\n<p><a href=\"http:\/\/cikeyweb.com\/images\/arcade_salg\/kontrollere.jpg\" target=\"_blank\" rel=\"lightbox\"><img loading=\"lazy\" decoding=\"async\" src=\"http:\/\/cikeyweb.com\/images\/arcade_salg\/kontrollere_liten.jpg\" alt=\"klikk for st\u00f8rre bilde\" width=\"225\" height=\"150\"><\/a><\/p>\n<h2 style=\"text-align: center;\"><\/h2>\n<p>&nbsp;<\/p>\n<p>&nbsp;<\/p>\n<p>&nbsp;<\/p>\n","protected":false},"excerpt":{"rendered":"\n\t\t\t\t<div class=\"mr_social_sharing_wrapper\">\n\t\t\t\t<!-- Social Sharing Toolkit v2.2 --><span class=\"mr_social_sharing\"><fb:share-button type=\"button\" href=\"http:\/\/cikeyweb.com\/?page_id=8\"><\/fb:share-button><\/span><span class=\"mr_social_sharing\"><a href=\"https:\/\/twitter.com\/share\" class=\"twitter-share-button\" data-count=\"none\" data-url=\"http:\/\/cikeyweb.com\/?page_id=8\" data-via=\"Cikey_\" data-text=\"Arkaden\"><\/a><\/span><span class=\"mr_social_sharing\"><div class=\"g-plusone\" data-size=\"medium\" data-annotation=\"none\" data-href=\"http:\/\/cikeyweb.com\/?page_id=8\"><\/div><\/span><span class=\"mr_social_sharing\"><a rel=\"nofollow\" class=\"linksalpha_button linksalpha_link\" href=\"\/\/www.linksalpha.com\/social\/mobile\" data-url=\"http:\/\/cikeyweb.com\/?page_id=8\" data-text=\"Arkaden\" data-desc=\"Arcademaskinen min er mitt andre byggeprosjekt og jeg er MEGET forn\u00f8yd med resultatet. Jeg bygget den med tanke p\u00e5 tradisjonelle arcadespill, men takket v\u00e6re den fleksible kontrolleren og den glimmrende frontenden har jeg ogs\u00e5 installert emulatorer for Nintendo, Super Nintendo, Nintendo64, Sega\" data-image data-button>\n\t\t\t\t\t<img decoding=\"async\" src=\"\/\/www.linksalpha.com\/images\/social_share_button.png\" alt=\"Share\" class=\"linksalpha_image\">\n\t\t\t\t\t<\/a><script type=\"text\/javascript\" src=\"\/\/www.linksalpha.com\/scripts\/loader_iconbox.js?v=2.4\"><\/script><\/span><\/div><p>Arcad\u00ade\u00admask\u00adi\u00adnen min er mitt andre bygge\u00adpros\u00adjekt og jeg er <span class=\"caps\">MEGET<\/span> forn\u00f8yd med resul\u00adtatet. Jeg bygget den med tanke p\u00e5 tradis\u00adjonelle arcade\u00adspill, men takket v\u00e6re den flek\u00adsi\u00adble kon\u00adtrolleren og den glimm\u00adrende fron\u00adtenden har jeg ogs\u00e5 installert emu\u00adla\u00adtor\u00ader for Nin\u00adten\u00addo, Super Nin\u00adten\u00addo, Nintendo64, Sega Mas\u00adter Sys\u00adtem og Playsta\u00adtion. Totalt dri\u00adver arca\u00adden 4372 spill fordelt p\u00e5 de overnevnte&nbsp;[\u2026]<\/p>\n","protected":false},"author":1,"featured_media":0,"parent":0,"menu_order":5,"comment_status":"open","ping_status":"open","template":"","meta":{"wp_typography_post_enhancements_disabled":false,"footnotes":""},"class_list":["post-8","page","type-page","status-publish","hentry"],"_links":{"self":[{"href":"http:\/\/cikeyweb.com\/index.php?rest_route=\/wp\/v2\/pages\/8","targetHints":{"allow":["GET"]}}],"collection":[{"href":"http:\/\/cikeyweb.com\/index.php?rest_route=\/wp\/v2\/pages"}],"about":[{"href":"http:\/\/cikeyweb.com\/index.php?rest_route=\/wp\/v2\/types\/page"}],"author":[{"embeddable":true,"href":"http:\/\/cikeyweb.com\/index.php?rest_route=\/wp\/v2\/users\/1"}],"replies":[{"embeddable":true,"href":"http:\/\/cikeyweb.com\/index.php?rest_route=%2Fwp%2Fv2%2Fcomments&post=8"}],"version-history":[{"count":16,"href":"http:\/\/cikeyweb.com\/index.php?rest_route=\/wp\/v2\/pages\/8\/revisions"}],"predecessor-version":[{"id":488,"href":"http:\/\/cikeyweb.com\/index.php?rest_route=\/wp\/v2\/pages\/8\/revisions\/488"}],"wp:attachment":[{"href":"http:\/\/cikeyweb.com\/index.php?rest_route=%2Fwp%2Fv2%2Fmedia&parent=8"}],"curies":[{"name":"wp","href":"https:\/\/api.w.org\/{rel}","templated":true}]}}