
{"id":284,"date":"2010-06-22T20:14:32","date_gmt":"2010-06-22T18:14:32","guid":{"rendered":"http:\/\/188.40.95.196\/~cikeyweb\/poker\/?page_id=284"},"modified":"2010-07-08T00:38:07","modified_gmt":"2010-07-07T22:38:07","slug":"04-2","status":"publish","type":"page","link":"http:\/\/cikeyweb.com\/?page_id=284","title":{"rendered":"04"},"content":{"rendered":"\n\t\t\t\t<div class=\"mr_social_sharing_wrapper\">\n\t\t\t\t<!-- Social Sharing Toolkit v2.2 --><span class=\"mr_social_sharing\"><fb:share-button type=\"button\" href=\"http:\/\/cikeyweb.com\/?page_id=284\"><\/fb:share-button><\/span><span class=\"mr_social_sharing\"><a href=\"https:\/\/twitter.com\/share\" class=\"twitter-share-button\" data-count=\"none\" data-url=\"http:\/\/cikeyweb.com\/?page_id=284\" data-via=\"Cikey_\" data-text=\"04\"><\/a><\/span><span class=\"mr_social_sharing\"><div class=\"g-plusone\" data-size=\"medium\" data-annotation=\"none\" data-href=\"http:\/\/cikeyweb.com\/?page_id=284\"><\/div><\/span><span class=\"mr_social_sharing\"><a rel=\"nofollow\" class=\"linksalpha_button linksalpha_link\" href=\"\/\/www.linksalpha.com\/social\/mobile\" data-url=\"http:\/\/cikeyweb.com\/?page_id=284\" data-text=\"04\" data-desc=\"Pokerbordguide - Side 4 Senterstykket - A-platen N\u00e5 g\u00e5r det unna! Vi har laget rail og racetrack s\u00e5 da kan vi begynne med senterstykket (alts\u00e5 det stykket av bordet som er dekket med filt). Platen er allerede klargjort, dette er den biten vi saget bort da vi laget racetrack. Ingen saging i denne\" data-image=\"http:\/\/cikeyweb.com\/img\/s4_senterstykke_underduk.jpg\" data-button>\n\t\t\t\t\t<img decoding=\"async\" src=\"\/\/www.linksalpha.com\/images\/social_share_button.png\" alt=\"Share\" class=\"linksalpha_image\">\n\t\t\t\t\t<\/a><script type=\"text\/javascript\" src=\"\/\/www.linksalpha.com\/scripts\/loader_iconbox.js?v=2.4\"><\/script><\/span><\/div><h2>Pokerbordguide \u2014 Side&nbsp;4<\/h2>\n<p>Sen\u00adter\u00adstykket \u2014 A\u2011platen<\/p>\n<p>N\u00e5 g\u00e5r det unna! Vi har laget rail og  race\u00adtrack s\u00e5 da kan vi beg\u00adynne med sen\u00adter\u00adstykket <em>(alt\u00ads\u00e5 det stykket  av bor\u00addet som er dekket med filt)<\/em>. Plat\u00aden er allerede klargjort,  dette er den biten vi saget bort da vi laget race\u00adtrack. Ingen sag\u00ading i  denne delen alt\u00ads\u00e5 <em>(fak\u00adtisk er vi helt fer\u00addig med sagin\u00adgen!)<\/em>.<\/p>\n<p><a title=\"Underduken m\u00e5 p\u00e5 f\u00f8rst!\" rel=\"lightbox\" href=\"http:\/\/cikeyweb.com\/img\/s4_senterstykke_underduk_stor.jpg\"><img loading=\"lazy\" decoding=\"async\" class=\"alignleft\" style=\"margin: 0px 5px;\" src=\"http:\/\/cikeyweb.com\/img\/s4_senterstykke_underduk.jpg\" alt width=\"300\" height=\"255\"><\/a>Vi skal n\u00e5 kutte til under\u00adduk og  filt, s\u00e5 for \u00e5 ikke \u00f8de\u00adlegge kniv\u00aden v\u00e5r leg\u00adger vi grun\u00adnplat\u00aden v\u00e5r <em>(indre  B) <\/em>under sen\u00adter\u00adstykket. Finn frem under\u00adduken, eller det tynne  skum\u00admet om du val\u00adgte det og legg det mel\u00adlom de to trestykkene. Form\u00adskj\u00e6r  grovt rundt sen\u00adter\u00adstykket ditt slik at stof\u00adfet er litt mer h\u00e5ndterlig  n\u00e5r vi skal finkutte.<\/p>\n<p>Ta av trestykket og p\u00e5f\u00f8r spraylim p\u00e5 b\u00e5de duk og  plate <em>(sjekk at du limer rik\u00adtig side av plat\u00aden slik at den pass\u00ader  tilbake i det hul\u00adlet vi kut\u00adtet den ut fra!)<\/em>. Det er litt ulik  frem\u00adgangsm\u00e5te alt etter hvilken type lim du bruk\u00ader, s\u00e5 det tar jeg ikke  med, men s\u00f8rg for \u00e5 f\u00f8lge anvis\u00adnin\u00adgen p\u00e5 sprayboksen!<\/p>\n<p><br class=\"spacer_\"><\/p>\n<p><a title=\"Klippe klippe...\" rel=\"lightbox\" href=\"http:\/\/cikeyweb.com\/img\/s4_senterstykke_underduk_kutt_stor.jpg\"><img loading=\"lazy\" decoding=\"async\" class=\"alignleft\" style=\"margin: 0px 5px;\" src=\"http:\/\/cikeyweb.com\/img\/s4_senterstykke_underduk_kutt.jpg\" alt width=\"300\" height=\"225\"><\/a>N\u00e5r du s\u00e5 har fes\u00adtet under\u00adduken  fast p\u00e5 sen\u00adter\u00adstykket kut\u00adter du bort alt over\u00adskud\u00addet slik at det er helt  jen\u00advt i kan\u00adten. Det anbe\u00adfales \u00e5 ha en med\u00adhjelper til hele denne  pros\u00adessen<em> (store stykker med t\u00f8y og tre klis\u00adsete av lim kan v\u00e6re  litt ure\u00adg\u00adjerlige)<\/em>.<\/p>\n<p><br class=\"spacer_\"><\/p>\n<p><br class=\"spacer_\"><\/p>\n<p><br class=\"spacer_\"><\/p>\n<p><br class=\"spacer_\"><\/p>\n<p><a rel=\"lightbox\" href=\"http:\/\/cikeyweb.com\/img\/s4_senterstykke_filt_stor.jpg\"><img loading=\"lazy\" decoding=\"async\" class=\"alignleft\" style=\"margin: 0px 5px;\" src=\"http:\/\/cikeyweb.com\/img\/s4_senterstykke_filt.jpg\" alt width=\"300\" height=\"225\"><\/a>S\u00e5 var det fil\u00adten: Fil\u00adten jeg har brukt her  er en microfiber \/ ull  bland\u00ading fra Mag\u00adnu\u00adsander\u00ads\u00adson <span class=\"caps\">AB<\/span> som jeg er meget  forn\u00f8yd med. Jeg har  siden byt\u00adtet til ren ull, uten at jeg er like  forn\u00f8yd med den. <span class=\"caps\">MA<\/span>  sender deg gladlig en fargepr\u00f8ve av begge vari\u00adantene  slik at du kan f\u00e5  et inntrykk av forskjellen. Slitestyrken og  egen\u00adskapene er stort sett  det samme <em>(ull loer litt)<\/em> s\u00e5 det er  egentlig en smak\u00adsak hva man  velger.<\/p>\n<p><br class=\"spacer_\"><\/p>\n<p>Legg sen\u00adter\u00adstykket ditt opp\u00e5 fil\u00adten,  men under\u00adduken ned. Beg\u00adynn \u00e5 feste fil\u00adten p\u00e5 top\u00adpen av den ene buen,  med en fire \u2014 fem stifter. Gj\u00f8r s\u00e5 det samme p\u00e5 mot\u00adsatt side slik at  fil\u00adten er like stram hele veien n\u00e5r du job\u00adber deg rundt sidene. Som du  ser p\u00e5 bildene bruk\u00adte jeg en manuell stiftepis\u00adtol. <span style=\"color: #ff0000;\"><strong>Det anbe\u00adfales <span class=\"caps\">IKKE<\/span>!<\/strong><\/span> Du m\u00e5 uansett ha en elek\u00adtrisk<em> (eller en som g\u00e5r p\u00e5 trykkluft)<\/em> n\u00e5r du skal kle railen med skai, s\u00e5 du kan like gjerne anskaffe den til  denne fasen <em>(og spare deg selv mye arbeid!)<\/em><\/p>\n<p><em><br>\n <\/em><\/p>\n<p><a rel=\"lightbox\" href=\"http:\/\/cikeyweb.com\/img\/s4_senterstykke_filt_2_stor.jpg\"><img loading=\"lazy\" decoding=\"async\" class=\"alignleft\" style=\"margin: 0px 5px;\" src=\"http:\/\/cikeyweb.com\/img\/s4_senterstykke_filt_2.jpg\" alt width=\"225\" height=\"300\"><\/a>N\u00e5r du stifter fast fil\u00adten stram\u00admer  du hele tiden duken mot den for\u00adrige stiften du satt i. Blir det fold\u00ader  p\u00e5 under\u00adsi\u00adden klip\u00adper du over fold\u00aden slik at duken kan brette seg  skikke\u00adlig <em>(poenget er at det skal se bra ut p\u00e5 opp\u00adsi\u00adden!)<\/em> En  kam\u00ader\u00adat som hjelper til med stram\u00admin\u00adgen anbe\u00adfales p\u00e5 det varmeste!<\/p>\n<p>Blir ikke duken skikke\u00adlig stram \/ rynke\u00adfri p\u00e5  f\u00f8rste fors\u00f8k tar du ut noen stifter og stram\u00admer opp. Det er litt  arbeid med denne pros\u00adessen, men det er ikke spe\u00adsielt vanske\u00adlig. V\u00e6r  t\u00e5lmodig, metodisk og s\u00f8rg for \u00e5 ha en med\u00adhjelper s\u00e5 g\u00e5r det lett som en&nbsp;lek.<\/p>\n<p><br class=\"spacer_\"><\/p>\n<p><br class=\"spacer_\"><\/p>\n<p><br class=\"spacer_\"><\/p>\n<p><br class=\"spacer_\"><\/p>\n<div style=\"text-align: center;\"><img decoding=\"async\" class=\"alignnone\" style=\"margin: 15px 5px;\" src=\"http:\/\/cikeyweb.com\/img\/s4_senterstykke_filt_ferdig.jpg\" alt><\/div>\n","protected":false},"excerpt":{"rendered":"\n\t\t\t\t<div class=\"mr_social_sharing_wrapper\">\n\t\t\t\t<!-- Social Sharing Toolkit v2.2 --><span class=\"mr_social_sharing\"><fb:share-button type=\"button\" href=\"http:\/\/cikeyweb.com\/?page_id=284\"><\/fb:share-button><\/span><span class=\"mr_social_sharing\"><a href=\"https:\/\/twitter.com\/share\" class=\"twitter-share-button\" data-count=\"none\" data-url=\"http:\/\/cikeyweb.com\/?page_id=284\" data-via=\"Cikey_\" data-text=\"04\"><\/a><\/span><span class=\"mr_social_sharing\"><div class=\"g-plusone\" data-size=\"medium\" data-annotation=\"none\" data-href=\"http:\/\/cikeyweb.com\/?page_id=284\"><\/div><\/span><span class=\"mr_social_sharing\"><a rel=\"nofollow\" class=\"linksalpha_button linksalpha_link\" href=\"\/\/www.linksalpha.com\/social\/mobile\" data-url=\"http:\/\/cikeyweb.com\/?page_id=284\" data-text=\"04\" data-desc=\"Pokerbordguide - Side 4 Senterstykket - A-platen N\u00e5 g\u00e5r det unna! Vi har laget rail og racetrack s\u00e5 da kan vi begynne med senterstykket (alts\u00e5 det stykket av bordet som er dekket med filt). Platen er allerede klargjort, dette er den biten vi saget bort da vi laget racetrack. Ingen saging i denne\" data-image data-button>\n\t\t\t\t\t<img decoding=\"async\" src=\"\/\/www.linksalpha.com\/images\/social_share_button.png\" alt=\"Share\" class=\"linksalpha_image\">\n\t\t\t\t\t<\/a><script type=\"text\/javascript\" src=\"\/\/www.linksalpha.com\/scripts\/loader_iconbox.js?v=2.4\"><\/script><\/span><\/div><p>Poker\u00adbor\u00addguide \u2014 Side&nbsp;4 Sen\u00adter\u00adstykket \u2014 A\u2011platen N\u00e5 g\u00e5r det unna! Vi har laget rail og race\u00adtrack s\u00e5 da kan vi beg\u00adynne med sen\u00adter\u00adstykket (alt\u00ads\u00e5 det stykket av bor\u00addet som er dekket med filt). Plat\u00aden er allerede klargjort, dette er den biten vi saget bort da vi laget race\u00adtrack. Ingen sag\u00ading i denne delen alt\u00ads\u00e5 (fak\u00adtisk [\u2026]<\/p>\n","protected":false},"author":1,"featured_media":0,"parent":45,"menu_order":0,"comment_status":"open","ping_status":"open","template":"","meta":{"wp_typography_post_enhancements_disabled":false,"footnotes":""},"class_list":["post-284","page","type-page","status-publish","hentry"],"_links":{"self":[{"href":"http:\/\/cikeyweb.com\/index.php?rest_route=\/wp\/v2\/pages\/284","targetHints":{"allow":["GET"]}}],"collection":[{"href":"http:\/\/cikeyweb.com\/index.php?rest_route=\/wp\/v2\/pages"}],"about":[{"href":"http:\/\/cikeyweb.com\/index.php?rest_route=\/wp\/v2\/types\/page"}],"author":[{"embeddable":true,"href":"http:\/\/cikeyweb.com\/index.php?rest_route=\/wp\/v2\/users\/1"}],"replies":[{"embeddable":true,"href":"http:\/\/cikeyweb.com\/index.php?rest_route=%2Fwp%2Fv2%2Fcomments&post=284"}],"version-history":[{"count":30,"href":"http:\/\/cikeyweb.com\/index.php?rest_route=\/wp\/v2\/pages\/284\/revisions"}],"predecessor-version":[{"id":366,"href":"http:\/\/cikeyweb.com\/index.php?rest_route=\/wp\/v2\/pages\/284\/revisions\/366"}],"up":[{"embeddable":true,"href":"http:\/\/cikeyweb.com\/index.php?rest_route=\/wp\/v2\/pages\/45"}],"wp:attachment":[{"href":"http:\/\/cikeyweb.com\/index.php?rest_route=%2Fwp%2Fv2%2Fmedia&parent=284"}],"curies":[{"name":"wp","href":"https:\/\/api.w.org\/{rel}","templated":true}]}}